{"id":1694,"date":"2024-09-23T23:46:26","date_gmt":"2024-09-23T23:46:26","guid":{"rendered":"https:\/\/lsatravels.com.co\/?page_id=1694"},"modified":"2025-08-17T20:32:40","modified_gmt":"2025-08-17T20:32:40","slug":"viajes-internacionales","status":"publish","type":"page","link":"https:\/\/lsatravels.com.co\/index.php\/viajes-internacionales\/","title":{"rendered":""},"content":{"rendered":"\t\t<div data-elementor-type=\"wp-page\" data-elementor-id=\"1694\" class=\"elementor elementor-1694\" data-elementor-post-type=\"page\">\n\t\t\t\t\t\t\t<div class=\"elementor-element elementor-element-1a994289 e-flex e-con-boxed e-con e-parent\" data-id=\"1a994289\" data-element_type=\"container\" data-settings=\"{&quot;content_width&quot;:&quot;boxed&quot;}\" data-core-v316-plus=\"true\">\n\t\t\t\t\t<div class=\"e-con-inner\">\n\t\t\t\t<div class=\"elementor-element elementor-element-4f59c5d5 elementor-widget elementor-widget-text-editor\" data-id=\"4f59c5d5\" data-element_type=\"widget\" data-widget_type=\"text-editor.default\">\n\t\t\t\t<div class=\"elementor-widget-container\">\n\t\t\t<style>\/*! elementor - v3.18.0 - 20-12-2023 *\/\n.elementor-widget-text-editor.elementor-drop-cap-view-stacked .elementor-drop-cap{background-color:#69727d;color:#fff}.elementor-widget-text-editor.elementor-drop-cap-view-framed .elementor-drop-cap{color:#69727d;border:3px solid;background-color:transparent}.elementor-widget-text-editor:not(.elementor-drop-cap-view-default) .elementor-drop-cap{margin-top:8px}.elementor-widget-text-editor:not(.elementor-drop-cap-view-default) .elementor-drop-cap-letter{width:1em;height:1em}.elementor-widget-text-editor .elementor-drop-cap{float:left;text-align:center;line-height:1;font-size:50px}.elementor-widget-text-editor .elementor-drop-cap-letter{display:inline-block}<\/style>\t\t\t\t\t\t\t\t\t\t<\/div>\n\t\t\t\t<\/div>\n\t\t\t\t<div class=\"elementor-element elementor-element-9f4fe6f elementor-widget elementor-widget-heading\" data-id=\"9f4fe6f\" data-element_type=\"widget\" data-widget_type=\"heading.default\">\n\t\t\t\t<div class=\"elementor-widget-container\">\n\t\t\t<style>\/*! elementor - v3.18.0 - 20-12-2023 *\/\n.elementor-heading-title{padding:0;margin:0;line-height:1}.elementor-widget-heading .elementor-heading-title[class*=elementor-size-]>a{color:inherit;font-size:inherit;line-height:inherit}.elementor-widget-heading .elementor-heading-title.elementor-size-small{font-size:15px}.elementor-widget-heading .elementor-heading-title.elementor-size-medium{font-size:19px}.elementor-widget-heading .elementor-heading-title.elementor-size-large{font-size:29px}.elementor-widget-heading .elementor-heading-title.elementor-size-xl{font-size:39px}.elementor-widget-heading .elementor-heading-title.elementor-size-xxl{font-size:59px}<\/style><h2 class=\"elementor-heading-title elementor-size-default\">Panama<\/h2>\t\t<\/div>\n\t\t\t\t<\/div>\n\t\t\t\t<div class=\"elementor-element elementor-element-1fb9840 elementor--h-position-center elementor--v-position-middle elementor-arrows-position-inside elementor-pagination-position-inside elementor-widget elementor-widget-slides\" data-id=\"1fb9840\" data-element_type=\"widget\" data-settings=\"{&quot;navigation&quot;:&quot;both&quot;,&quot;autoplay&quot;:&quot;yes&quot;,&quot;pause_on_hover&quot;:&quot;yes&quot;,&quot;pause_on_interaction&quot;:&quot;yes&quot;,&quot;autoplay_speed&quot;:5000,&quot;infinite&quot;:&quot;yes&quot;,&quot;transition&quot;:&quot;slide&quot;,&quot;transition_speed&quot;:500}\" data-widget_type=\"slides.default\">\n\t\t\t\t<div class=\"elementor-widget-container\">\n\t\t\t<style>\/*! pro-elements - v3.18.0 - 06-12-2023 *\/\n.elementor-slides .swiper-slide-bg{background-size:cover;background-position:50%;background-repeat:no-repeat;min-width:100%;min-height:100%}.elementor-slides .swiper-slide-inner{background-repeat:no-repeat;background-position:50%;position:absolute;top:0;left:0;bottom:0;right:0;padding:50px;margin:auto}.elementor-slides .swiper-slide-inner,.elementor-slides .swiper-slide-inner:hover{color:#fff;display:flex}.elementor-slides .swiper-slide-inner .elementor-background-overlay{position:absolute;z-index:0;top:0;bottom:0;left:0;right:0}.elementor-slides .swiper-slide-inner .elementor-slide-content{position:relative;z-index:1;width:100%}.elementor-slides .swiper-slide-inner .elementor-slide-heading{font-size:35px;font-weight:700;line-height:1}.elementor-slides .swiper-slide-inner .elementor-slide-description{font-size:17px;line-height:1.4}.elementor-slides .swiper-slide-inner .elementor-slide-description:not(:last-child),.elementor-slides .swiper-slide-inner .elementor-slide-heading:not(:last-child){margin-bottom:30px}.elementor-slides .swiper-slide-inner .elementor-slide-button{border:2px solid #fff;color:#fff;background:transparent;display:inline-block}.elementor-slides .swiper-slide-inner .elementor-slide-button,.elementor-slides .swiper-slide-inner .elementor-slide-button:hover{background:transparent;color:inherit;text-decoration:none}.elementor--v-position-top .swiper-slide-inner{align-items:flex-start}.elementor--v-position-bottom .swiper-slide-inner{align-items:flex-end}.elementor--v-position-middle .swiper-slide-inner{align-items:center}.elementor--h-position-left .swiper-slide-inner{justify-content:flex-start}.elementor--h-position-right .swiper-slide-inner{justify-content:flex-end}.elementor--h-position-center .swiper-slide-inner{justify-content:center}body.rtl .elementor-widget-slides .elementor-swiper-button-next{left:10px;right:auto}body.rtl .elementor-widget-slides .elementor-swiper-button-prev{right:10px;left:auto}.elementor-slides-wrapper div:not(.swiper-slide)>.swiper-slide-inner{display:none}@media (max-width:767px){.elementor-slides .swiper-slide-inner{padding:30px}.elementor-slides .swiper-slide-inner .elementor-slide-heading{font-size:23px;line-height:1;margin-bottom:15px}.elementor-slides .swiper-slide-inner .elementor-slide-description{font-size:13px;line-height:1.4;margin-bottom:15px}}<\/style>\t\t<div class=\"elementor-swiper\">\n\t\t\t<div class=\"elementor-slides-wrapper elementor-main-swiper swiper\" dir=\"ltr\" data-animation=\"fadeInUp\">\n\t\t\t\t<div class=\"swiper-wrapper elementor-slides\">\n\t\t\t\t\t\t\t\t\t\t<div class=\"elementor-repeater-item-412ee4e swiper-slide\"><div class=\"swiper-slide-bg\" role=\"img\"><\/div><div class=\"swiper-slide-inner\" ><div class=\"swiper-slide-contents\"><\/div><\/div><\/div><div class=\"elementor-repeater-item-1ed99c8 swiper-slide\"><div class=\"swiper-slide-bg\" role=\"img\"><\/div><div class=\"swiper-slide-inner\" ><div class=\"swiper-slide-contents\"><\/div><\/div><\/div><div class=\"elementor-repeater-item-cd04c32 swiper-slide\"><div class=\"swiper-slide-bg\" role=\"img\"><\/div><div class=\"swiper-slide-inner\" ><div class=\"swiper-slide-contents\"><\/div><\/div><\/div>\t\t\t\t<\/div>\n\t\t\t\t\t\t\t\t\t\t\t\t\t\t\t<div class=\"swiper-pagination\"><\/div>\n\t\t\t\t\t\t\t\t\t\t\t\t\t\t\t\t<div class=\"elementor-swiper-button elementor-swiper-button-prev\" role=\"button\" tabindex=\"0\">\n\t\t\t\t\t\t\t<svg aria-hidden=\"true\" class=\"e-font-icon-svg e-eicon-chevron-left\" viewBox=\"0 0 1000 1000\" xmlns=\"http:\/\/www.w3.org\/2000\/svg\"><path d=\"M646 125C629 125 613 133 604 142L308 442C296 454 292 471 292 487 292 504 296 521 308 533L604 854C617 867 629 875 646 875 663 875 679 871 692 858 704 846 713 829 713 812 713 796 708 779 692 767L438 487 692 225C700 217 708 204 708 187 708 171 704 154 692 142 675 129 663 125 646 125Z\"><\/path><\/svg>\t\t\t\t\t\t\t<span class=\"elementor-screen-only\">Previous slide<\/span>\n\t\t\t\t\t\t<\/div>\n\t\t\t\t\t\t<div class=\"elementor-swiper-button elementor-swiper-button-next\" role=\"button\" tabindex=\"0\">\n\t\t\t\t\t\t\t<svg aria-hidden=\"true\" class=\"e-font-icon-svg e-eicon-chevron-right\" viewBox=\"0 0 1000 1000\" xmlns=\"http:\/\/www.w3.org\/2000\/svg\"><path d=\"M696 533C708 521 713 504 713 487 713 471 708 454 696 446L400 146C388 133 375 125 354 125 338 125 325 129 313 142 300 154 292 171 292 187 292 204 296 221 308 233L563 492 304 771C292 783 288 800 288 817 288 833 296 850 308 863 321 871 338 875 354 875 371 875 388 867 400 854L696 533Z\"><\/path><\/svg>\t\t\t\t\t\t\t<span class=\"elementor-screen-only\">Next slide<\/span>\n\t\t\t\t\t\t<\/div>\n\t\t\t\t\t\t\t\t\t\t\t\t<\/div>\n\t\t<\/div>\n\t\t\t\t<\/div>\n\t\t\t\t<\/div>\n\t\t\t\t\t<\/div>\n\t\t\t\t<\/div>\n\t\t<div class=\"elementor-element elementor-element-c843e24 e-flex e-con-boxed e-con e-parent\" data-id=\"c843e24\" data-element_type=\"container\" data-settings=\"{&quot;content_width&quot;:&quot;boxed&quot;}\" data-core-v316-plus=\"true\">\n\t\t\t\t\t<div class=\"e-con-inner\">\n\t\t\t\t<div class=\"elementor-element elementor-element-00f0e53 elementor-widget elementor-widget-text-editor\" data-id=\"00f0e53\" data-element_type=\"widget\" data-widget_type=\"text-editor.default\">\n\t\t\t\t<div class=\"elementor-widget-container\">\n\t\t\t\t\t\t\t\t\t\t\t\t\t<\/div>\n\t\t\t\t<\/div>\n\t\t\t\t\t<\/div>\n\t\t\t\t<\/div>\n\t\t<div class=\"elementor-element elementor-element-2258885 e-flex e-con-boxed e-con e-parent\" data-id=\"2258885\" data-element_type=\"container\" data-settings=\"{&quot;content_width&quot;:&quot;boxed&quot;}\" data-core-v316-plus=\"true\">\n\t\t\t\t\t<div class=\"e-con-inner\">\n\t\t\t\t<div class=\"elementor-element elementor-element-7de0656 elementor--h-position-center elementor--v-position-middle elementor-arrows-position-inside elementor-pagination-position-inside elementor-widget elementor-widget-slides\" data-id=\"7de0656\" data-element_type=\"widget\" data-settings=\"{&quot;navigation&quot;:&quot;both&quot;,&quot;transition&quot;:&quot;slide&quot;,&quot;transition_speed&quot;:500}\" data-widget_type=\"slides.default\">\n\t\t\t\t<div class=\"elementor-widget-container\">\n\t\t\t\t\t<div class=\"elementor-swiper\">\n\t\t\t<div class=\"elementor-slides-wrapper elementor-main-swiper swiper\" dir=\"ltr\" data-animation=\"\">\n\t\t\t\t<div class=\"swiper-wrapper elementor-slides\">\n\t\t\t\t\t\t\t\t\t\t<div class=\"elementor-repeater-item-dd36ae8 swiper-slide\"><div class=\"swiper-slide-bg\" role=\"img\"><\/div><div class=\"swiper-slide-inner\" ><div class=\"swiper-slide-contents\"><div class=\"elementor-slide-heading\"> Incluye:<\/div><div class=\"elementor-slide-description\">Descubre Panam\u00e1 en 5 d\u00edas y 4 noches inolvidables!\n\n\ud83c\udfd6 D\u00eda 1 y 2: Playa\nDisfruta de las hermosas playas de Panam\u00e1, donde el sol y la arena se combinan con aguas cristalinas. Rel\u00e1jate en las playas del Pac\u00edfico o explora el Caribe paname\u00f1o, lleno de naturaleza, snorkel y deportes acu\u00e1ticos. Bocas del Toro y San Blas te esperan con su belleza tropical, ideales para el descanso y la aventura.\n\n\ud83c\udfd9 D\u00eda 3 al 5: Ciudad\nSum\u00e9rgete en el vibrante coraz\u00f3n de la Ciudad de Panam\u00e1. Descubre el impresionante Canal de Panam\u00e1, recorre el hist\u00f3rico Casco Viejo con sus calles coloniales y disfruta de su vida nocturna. \u00a1Las mejores compras tambi\u00e9n te esperan en los modernos centros comerciales de la ciudad!\n\n\ud83c\udf1f Incluye:\n\n4 noches de alojamiento (2 noches en playa y 2 noches en ciudad)\nDesayunos incluidos\nTransporte terrestre\nTour al Canal de Panam\u00e1\nActividades acu\u00e1ticas en playa\n\u00a1No te pierdas esta oportunidad de conocer lo mejor de Panam\u00e1: playa, historia y modernidad en un solo destino! \u2708\ufe0f\n\nReserva ahora y vive una experiencia \u00fanica entre el mar y la ciudad.<\/div><div  class=\"elementor-button elementor-slide-button elementor-size-sm\">Click Here<\/div><\/div><\/div><\/div><div class=\"elementor-repeater-item-e04d137 swiper-slide\"><div class=\"swiper-slide-bg\" role=\"img\"><\/div><div class=\"swiper-slide-inner\" ><div class=\"swiper-slide-contents\"><div class=\"elementor-slide-heading\">No incluye:<\/div><div class=\"elementor-slide-description\">gastos no especificados en el plan. Aplican terminos y condiciones<\/div><div  class=\"elementor-button elementor-slide-button elementor-size-sm\">Click Here<\/div><\/div><\/div><\/div><div class=\"elementor-repeater-item-1b1aec4 swiper-slide\"><div class=\"swiper-slide-bg\" role=\"img\"><\/div><div class=\"swiper-slide-inner\" ><div class=\"swiper-slide-contents\"><div class=\"elementor-slide-heading\">Precios y fechas<\/div><div  class=\"elementor-button elementor-slide-button elementor-size-sm\">Click Here<\/div><\/div><\/div><\/div>\t\t\t\t<\/div>\n\t\t\t\t\t\t\t\t\t\t\t\t\t\t\t<div class=\"swiper-pagination\"><\/div>\n\t\t\t\t\t\t\t\t\t\t\t\t\t\t\t\t<div class=\"elementor-swiper-button elementor-swiper-button-prev\" role=\"button\" tabindex=\"0\">\n\t\t\t\t\t\t\t<svg aria-hidden=\"true\" class=\"e-font-icon-svg e-eicon-chevron-left\" viewBox=\"0 0 1000 1000\" xmlns=\"http:\/\/www.w3.org\/2000\/svg\"><path d=\"M646 125C629 125 613 133 604 142L308 442C296 454 292 471 292 487 292 504 296 521 308 533L604 854C617 867 629 875 646 875 663 875 679 871 692 858 704 846 713 829 713 812 713 796 708 779 692 767L438 487 692 225C700 217 708 204 708 187 708 171 704 154 692 142 675 129 663 125 646 125Z\"><\/path><\/svg>\t\t\t\t\t\t\t<span class=\"elementor-screen-only\">Previous slide<\/span>\n\t\t\t\t\t\t<\/div>\n\t\t\t\t\t\t<div class=\"elementor-swiper-button elementor-swiper-button-next\" role=\"button\" tabindex=\"0\">\n\t\t\t\t\t\t\t<svg aria-hidden=\"true\" class=\"e-font-icon-svg e-eicon-chevron-right\" viewBox=\"0 0 1000 1000\" xmlns=\"http:\/\/www.w3.org\/2000\/svg\"><path d=\"M696 533C708 521 713 504 713 487 713 471 708 454 696 446L400 146C388 133 375 125 354 125 338 125 325 129 313 142 300 154 292 171 292 187 292 204 296 221 308 233L563 492 304 771C292 783 288 800 288 817 288 833 296 850 308 863 321 871 338 875 354 875 371 875 388 867 400 854L696 533Z\"><\/path><\/svg>\t\t\t\t\t\t\t<span class=\"elementor-screen-only\">Next slide<\/span>\n\t\t\t\t\t\t<\/div>\n\t\t\t\t\t\t\t\t\t\t\t\t<\/div>\n\t\t<\/div>\n\t\t\t\t<\/div>\n\t\t\t\t<\/div>\n\t\t\t\t\t<\/div>\n\t\t\t\t<\/div>\n\t\t<div class=\"elementor-element elementor-element-8d31503 e-flex e-con-boxed e-con e-parent\" data-id=\"8d31503\" data-element_type=\"container\" data-settings=\"{&quot;content_width&quot;:&quot;boxed&quot;}\" data-core-v316-plus=\"true\">\n\t\t\t\t\t<div class=\"e-con-inner\">\n\t\t\t\t<div class=\"elementor-element elementor-element-8c49f70 elementor-widget elementor-widget-text-editor\" data-id=\"8c49f70\" data-element_type=\"widget\" data-widget_type=\"text-editor.default\">\n\t\t\t\t<div class=\"elementor-widget-container\">\n\t\t\t\t\t\t\t<p>T\u00c9RMINOS Y CONDICIONES DE VIAJE A PANAM\u00c1<\/p><p><strong data-start=\"337\" data-end=\"369\">\u00a0Documentaci\u00f3n obligatoria<\/strong><\/p><ul data-start=\"372\" data-end=\"710\"><li data-start=\"372\" data-end=\"469\"><p data-start=\"374\" data-end=\"469\">El pasajero debe contar con pasaporte v\u00e1lido y vigente (m\u00ednimo 6 meses al momento del viaje).<\/p><\/li><li data-start=\"470\" data-end=\"582\"><p data-start=\"472\" data-end=\"582\">Ciudadanos colombianos (u otros pa\u00edses aplicables) deben verificar si requieren visa para ingresar a Panam\u00e1.<\/p><\/li><li data-start=\"583\" data-end=\"710\"><p data-start=\"585\" data-end=\"710\">Es responsabilidad exclusiva del pasajero cumplir con los requisitos migratorios exigidos por Panam\u00e1 y por el pa\u00eds de origen.<\/p><\/li><\/ul><p data-start=\"712\" data-end=\"752\"><strong data-start=\"712\" data-end=\"750\">\u00a0Vacunas y requisitos sanitarios<\/strong><\/p><ul data-start=\"753\" data-end=\"1018\"><li data-start=\"753\" data-end=\"919\"><p data-start=\"755\" data-end=\"919\">Actualmente no es obligatorio presentar carnet de vacunaci\u00f3n contra fiebre amarilla o COVID-19 para ingresar a Panam\u00e1 (verificar actualizaciones antes del viaje).<\/p><\/li><li data-start=\"920\" data-end=\"1018\"><p data-start=\"922\" data-end=\"1018\">Es responsabilidad del viajero informarse sobre cualquier requisito sanitario adicional vigente.<\/p><\/li><\/ul><p data-start=\"1020\" data-end=\"1045\"><strong data-start=\"1020\" data-end=\"1043\">\u00a0Pagos y reservas<\/strong><\/p><ul data-start=\"1046\" data-end=\"1317\"><li data-start=\"1046\" data-end=\"1183\"><p data-start=\"1048\" data-end=\"1183\">La reserva se considera confirmada \u00fanicamente cuando se haya realizado el pago inicial (dep\u00f3sito) seg\u00fan lo estipulado por la agencia.<\/p><\/li><li data-start=\"1184\" data-end=\"1317\"><p data-start=\"1186\" data-end=\"1317\">El saldo total debe ser cancelado en las fechas indicadas. El incumplimiento puede generar penalidades o cancelaci\u00f3n sin reembolso.<\/p><\/li><\/ul><p data-start=\"1319\" data-end=\"1345\"><strong data-start=\"1319\" data-end=\"1343\">\u00a0Tarifas y precios<\/strong><\/p><ul data-start=\"1346\" data-end=\"1625\"><li data-start=\"1346\" data-end=\"1509\"><p data-start=\"1348\" data-end=\"1509\">Las tarifas est\u00e1n sujetas a cambios sin previo aviso debido a variaciones en tasas aeroportuarias, combustible, cambios monetarios o impuestos gubernamentales.<\/p><\/li><li data-start=\"1510\" data-end=\"1625\"><p data-start=\"1512\" data-end=\"1625\">Los precios incluyen \u00fanicamente lo especificado en el plan contratado (ej. tiquetes, hospedaje, traslados, etc.).<\/p><\/li><\/ul><p data-start=\"1627\" data-end=\"1662\"><strong data-start=\"1627\" data-end=\"1660\">\u00a0Cancelaciones y reembolsos<\/strong><\/p><ul data-start=\"1663\" data-end=\"2094\"><li data-start=\"1663\" data-end=\"1938\"><p data-start=\"1665\" data-end=\"1764\">Cancelaciones por parte del pasajero est\u00e1n sujetas a penalidades seg\u00fan el tiempo de anticipaci\u00f3n:<\/p><ul data-start=\"1767\" data-end=\"1938\"><li data-start=\"1767\" data-end=\"1835\"><p data-start=\"1769\" data-end=\"1835\">+30 d\u00edas antes del viaje: 20% de penalidad sobre el valor total.<\/p><\/li><li data-start=\"1838\" data-end=\"1879\"><p data-start=\"1840\" data-end=\"1879\">Entre 15 y 29 d\u00edas: 50% de penalidad.<\/p><\/li><li data-start=\"1882\" data-end=\"1938\"><p data-start=\"1884\" data-end=\"1938\">Menos de 15 d\u00edas: 100% de penalidad (sin reembolso).<\/p><\/li><\/ul><\/li><li data-start=\"1939\" data-end=\"2094\"><p data-start=\"1941\" data-end=\"2094\">En caso de cancelaci\u00f3n por parte del operador por causas de fuerza mayor, se ofrecer\u00e1 reprogramaci\u00f3n o nota cr\u00e9dito, sujeto a condiciones de proveedores.<\/p><\/li><\/ul><p data-start=\"2096\" data-end=\"2135\"><strong data-start=\"2096\" data-end=\"2133\">6. Responsabilidades del pasajero<\/strong><\/p><ul data-start=\"2136\" data-end=\"2363\"><li data-start=\"2136\" data-end=\"2225\"><p data-start=\"2138\" data-end=\"2225\">Llegar puntualmente a los puntos de encuentro, aeropuertos y actividades programadas.<\/p><\/li><li data-start=\"2226\" data-end=\"2290\"><p data-start=\"2228\" data-end=\"2290\">Mantenerse informado sobre horarios y condiciones del viaje.<\/p><\/li><li data-start=\"2291\" data-end=\"2363\"><p data-start=\"2293\" data-end=\"2363\">Portar sus documentos personales y cumplir con las normas del destino.<\/p><\/li><\/ul><p data-start=\"2365\" data-end=\"2403\"><strong data-start=\"2365\" data-end=\"2401\">\u00a0Responsabilidad de la agencia<\/strong><\/p><ul data-start=\"2404\" data-end=\"2701\"><li data-start=\"2404\" data-end=\"2559\"><p data-start=\"2406\" data-end=\"2559\">La agencia act\u00faa como intermediaria entre los proveedores de servicios tur\u00edsticos (aerol\u00edneas, hoteles, transportes, operadores locales) y el pasajero.<\/p><\/li><li data-start=\"2560\" data-end=\"2701\"><p data-start=\"2562\" data-end=\"2701\">No se hace responsable por p\u00e9rdidas, demoras, accidentes, cambios clim\u00e1ticos, actos de autoridad o cualquier otra causa ajena a su control.<\/p><\/li><\/ul><p data-start=\"2703\" data-end=\"2741\"><strong data-start=\"2703\" data-end=\"2739\">\u00a0Modificaciones del itinerario<\/strong><\/p><ul data-start=\"2742\" data-end=\"2896\"><li data-start=\"2742\" data-end=\"2896\"><p data-start=\"2744\" data-end=\"2896\">El itinerario est\u00e1 sujeto a cambios por condiciones clim\u00e1ticas, operativas o decisiones de las autoridades locales sin que esto implique compensaciones.<\/p><\/li><\/ul><p data-start=\"2898\" data-end=\"2923\"><strong data-start=\"2898\" data-end=\"2921\">\u00a0Seguros de viaje<\/strong><\/p><ul data-start=\"2924\" data-end=\"3189\"><li data-start=\"2924\" data-end=\"3052\"><p data-start=\"2926\" data-end=\"3052\">Se recomienda (o exige, si as\u00ed se establece en el plan) contratar un seguro m\u00e9dico internacional y de asistencia al viajero.<\/p><\/li><li data-start=\"3053\" data-end=\"3189\"><p data-start=\"3055\" data-end=\"3189\">La agencia no cubre gastos m\u00e9dicos, hospitalarios o legales generados durante el viaje si no est\u00e1n amparados por un seguro contratado.<\/p><\/li><\/ul><p data-start=\"3191\" data-end=\"3226\"><strong data-start=\"3191\" data-end=\"3224\">\u00a0Aceptaci\u00f3n de condiciones<\/strong><\/p><ul data-start=\"3227\" data-end=\"3330\"><li data-start=\"3227\" data-end=\"3330\"><p data-start=\"3229\" data-end=\"3330\">El pago del viaje implica la aceptaci\u00f3n plena de estos t\u00e9rminos y condiciones por parte del pasajero.<\/p><\/li><\/ul>\t\t\t\t\t\t<\/div>\n\t\t\t\t<\/div>\n\t\t\t\t\t<\/div>\n\t\t\t\t<\/div>\n\t\t\t\t\t\t\t<\/div>\n\t\t","protected":false},"excerpt":{"rendered":"<p>Panama Previous slide Next slide Incluye:Descubre Panam\u00e1 en 5 d\u00edas y 4 noches inolvidables! \ud83c\udfd6 D\u00eda 1 y 2: Playa Disfruta de las hermosas playas de Panam\u00e1, donde el sol y la arena se combinan con aguas cristalinas. Rel\u00e1jate en las playas del Pac\u00edfico o explora el Caribe paname\u00f1o, lleno de naturaleza, snorkel y deportes [&hellip;]<\/p>\n","protected":false},"author":1,"featured_media":0,"parent":0,"menu_order":0,"comment_status":"closed","ping_status":"closed","template":"","meta":{"om_disable_all_campaigns":false,"_monsterinsights_skip_tracking":false,"_monsterinsights_sitenote_active":false,"_monsterinsights_sitenote_note":"","_monsterinsights_sitenote_category":0,"site-sidebar-layout":"default","site-content-layout":"","ast-site-content-layout":"default","site-content-style":"default","site-sidebar-style":"default","ast-global-header-display":"","ast-banner-title-visibility":"","ast-main-header-display":"","ast-hfb-above-header-display":"","ast-hfb-below-header-display":"","ast-hfb-mobile-header-display":"","site-post-title":"","ast-breadcrumbs-content":"","ast-featured-img":"","footer-sml-layout":"","theme-transparent-header-meta":"","adv-header-id-meta":"","stick-header-meta":"","header-above-stick-meta":"","header-main-stick-meta":"","header-below-stick-meta":"","astra-migrate-meta-layouts":"set","ast-page-background-enabled":"default","ast-page-background-meta":{"desktop":{"background-color":"","background-image":"","background-repeat":"repeat","background-position":"center center","background-size":"auto","background-attachment":"scroll","background-type":"","background-media":"","overlay-type":"","overlay-color":"","overlay-opacity":"","overlay-gradient":""},"tablet":{"background-color":"","background-image":"","background-repeat":"repeat","background-position":"center center","background-size":"auto","background-attachment":"scroll","background-type":"","background-media":"","overlay-type":"","overlay-color":"","overlay-opacity":"","overlay-gradient":""},"mobile":{"background-color":"","background-image":"","background-repeat":"repeat","background-position":"center center","background-size":"auto","background-attachment":"scroll","background-type":"","background-media":"","overlay-type":"","overlay-color":"","overlay-opacity":"","overlay-gradient":""}},"ast-content-background-meta":{"desktop":{"background-color":"var(--ast-global-color-5)","background-image":"","background-repeat":"repeat","background-position":"center center","background-size":"auto","background-attachment":"scroll","background-type":"","background-media":"","overlay-type":"","overlay-color":"","overlay-opacity":"","overlay-gradient":""},"tablet":{"background-color":"var(--ast-global-color-5)","background-image":"","background-repeat":"repeat","background-position":"center center","background-size":"auto","background-attachment":"scroll","background-type":"","background-media":"","overlay-type":"","overlay-color":"","overlay-opacity":"","overlay-gradient":""},"mobile":{"background-color":"var(--ast-global-color-5)","background-image":"","background-repeat":"repeat","background-position":"center center","background-size":"auto","background-attachment":"scroll","background-type":"","background-media":"","overlay-type":"","overlay-color":"","overlay-opacity":"","overlay-gradient":""}},"_joinchat":[],"footnotes":""},"class_list":["post-1694","page","type-page","status-publish","hentry"],"aioseo_notices":[],"_links":{"self":[{"href":"https:\/\/lsatravels.com.co\/index.php\/wp-json\/wp\/v2\/pages\/1694","targetHints":{"allow":["GET"]}}],"collection":[{"href":"https:\/\/lsatravels.com.co\/index.php\/wp-json\/wp\/v2\/pages"}],"about":[{"href":"https:\/\/lsatravels.com.co\/index.php\/wp-json\/wp\/v2\/types\/page"}],"author":[{"embeddable":true,"href":"https:\/\/lsatravels.com.co\/index.php\/wp-json\/wp\/v2\/users\/1"}],"replies":[{"embeddable":true,"href":"https:\/\/lsatravels.com.co\/index.php\/wp-json\/wp\/v2\/comments?post=1694"}],"version-history":[{"count":26,"href":"https:\/\/lsatravels.com.co\/index.php\/wp-json\/wp\/v2\/pages\/1694\/revisions"}],"predecessor-version":[{"id":2082,"href":"https:\/\/lsatravels.com.co\/index.php\/wp-json\/wp\/v2\/pages\/1694\/revisions\/2082"}],"wp:attachment":[{"href":"https:\/\/lsatravels.com.co\/index.php\/wp-json\/wp\/v2\/media?parent=1694"}],"curies":[{"name":"wp","href":"https:\/\/api.w.org\/{rel}","templated":true}]}}