{"id":1741,"date":"2024-09-27T18:48:58","date_gmt":"2024-09-27T18:48:58","guid":{"rendered":"https:\/\/lsatravels.com.co\/?page_id=1741"},"modified":"2025-08-17T20:37:02","modified_gmt":"2025-08-17T20:37:02","slug":"cancun","status":"publish","type":"page","link":"https:\/\/lsatravels.com.co\/index.php\/cancun\/","title":{"rendered":"Canc\u00fan"},"content":{"rendered":"\t\t<div data-elementor-type=\"wp-page\" data-elementor-id=\"1741\" class=\"elementor elementor-1741\" data-elementor-post-type=\"page\">\n\t\t\t\t\t\t\t<div class=\"elementor-element elementor-element-4f55f367 e-flex e-con-boxed e-con e-parent\" data-id=\"4f55f367\" data-element_type=\"container\" data-settings=\"{&quot;content_width&quot;:&quot;boxed&quot;}\" data-core-v316-plus=\"true\">\n\t\t\t\t\t<div class=\"e-con-inner\">\n\t\t\t\t<div class=\"elementor-element elementor-element-4fb6b07d elementor-widget elementor-widget-text-editor\" data-id=\"4fb6b07d\" data-element_type=\"widget\" data-widget_type=\"text-editor.default\">\n\t\t\t\t<div class=\"elementor-widget-container\">\n\t\t\t<style>\/*! elementor - v3.18.0 - 20-12-2023 *\/\n.elementor-widget-text-editor.elementor-drop-cap-view-stacked .elementor-drop-cap{background-color:#69727d;color:#fff}.elementor-widget-text-editor.elementor-drop-cap-view-framed .elementor-drop-cap{color:#69727d;border:3px solid;background-color:transparent}.elementor-widget-text-editor:not(.elementor-drop-cap-view-default) .elementor-drop-cap{margin-top:8px}.elementor-widget-text-editor:not(.elementor-drop-cap-view-default) .elementor-drop-cap-letter{width:1em;height:1em}.elementor-widget-text-editor .elementor-drop-cap{float:left;text-align:center;line-height:1;font-size:50px}.elementor-widget-text-editor .elementor-drop-cap-letter{display:inline-block}<\/style>\t\t\t\t<!-- wp:paragraph -->\n<p><\/p>\n<!-- \/wp:paragraph -->\n\n<!-- wp:fl-builder\/layout \/-->\t\t\t\t\t\t<\/div>\n\t\t\t\t<\/div>\n\t\t\t\t\t<\/div>\n\t\t\t\t<\/div>\n\t\t<div class=\"elementor-element elementor-element-584f698b e-flex e-con-boxed e-con e-parent\" data-id=\"584f698b\" data-element_type=\"container\" data-settings=\"{&quot;content_width&quot;:&quot;boxed&quot;}\" data-core-v316-plus=\"true\">\n\t\t\t\t\t<div class=\"e-con-inner\">\n\t\t\t\t<div class=\"elementor-element elementor-element-3c1a7199 elementor-widget elementor-widget-text-editor\" data-id=\"3c1a7199\" data-element_type=\"widget\" data-widget_type=\"text-editor.default\">\n\t\t\t\t<div class=\"elementor-widget-container\">\n\t\t\t\t\t\t\t<!-- wp:fl-builder\/layout \/-->\t\t\t\t\t\t<\/div>\n\t\t\t\t<\/div>\n\t\t\t\t\t<\/div>\n\t\t\t\t<\/div>\n\t\t<div class=\"elementor-element elementor-element-3d3edaa7 e-flex e-con-boxed e-con e-parent\" data-id=\"3d3edaa7\" data-element_type=\"container\" data-settings=\"{&quot;content_width&quot;:&quot;boxed&quot;}\" data-core-v316-plus=\"true\">\n\t\t\t\t\t<div class=\"e-con-inner\">\n\t\t\t\t<div class=\"elementor-element elementor-element-46cc27cb elementor--h-position-center elementor--v-position-middle elementor-arrows-position-inside elementor-pagination-position-inside elementor-widget elementor-widget-slides\" data-id=\"46cc27cb\" data-element_type=\"widget\" data-settings=\"{&quot;navigation&quot;:&quot;both&quot;,&quot;autoplay&quot;:&quot;yes&quot;,&quot;pause_on_hover&quot;:&quot;yes&quot;,&quot;pause_on_interaction&quot;:&quot;yes&quot;,&quot;autoplay_speed&quot;:5000,&quot;infinite&quot;:&quot;yes&quot;,&quot;transition&quot;:&quot;slide&quot;,&quot;transition_speed&quot;:500}\" data-widget_type=\"slides.default\">\n\t\t\t\t<div class=\"elementor-widget-container\">\n\t\t\t<style>\/*! pro-elements - v3.18.0 - 06-12-2023 *\/\n.elementor-slides .swiper-slide-bg{background-size:cover;background-position:50%;background-repeat:no-repeat;min-width:100%;min-height:100%}.elementor-slides .swiper-slide-inner{background-repeat:no-repeat;background-position:50%;position:absolute;top:0;left:0;bottom:0;right:0;padding:50px;margin:auto}.elementor-slides .swiper-slide-inner,.elementor-slides .swiper-slide-inner:hover{color:#fff;display:flex}.elementor-slides .swiper-slide-inner .elementor-background-overlay{position:absolute;z-index:0;top:0;bottom:0;left:0;right:0}.elementor-slides .swiper-slide-inner .elementor-slide-content{position:relative;z-index:1;width:100%}.elementor-slides .swiper-slide-inner .elementor-slide-heading{font-size:35px;font-weight:700;line-height:1}.elementor-slides .swiper-slide-inner .elementor-slide-description{font-size:17px;line-height:1.4}.elementor-slides .swiper-slide-inner .elementor-slide-description:not(:last-child),.elementor-slides .swiper-slide-inner .elementor-slide-heading:not(:last-child){margin-bottom:30px}.elementor-slides .swiper-slide-inner .elementor-slide-button{border:2px solid #fff;color:#fff;background:transparent;display:inline-block}.elementor-slides .swiper-slide-inner .elementor-slide-button,.elementor-slides .swiper-slide-inner .elementor-slide-button:hover{background:transparent;color:inherit;text-decoration:none}.elementor--v-position-top .swiper-slide-inner{align-items:flex-start}.elementor--v-position-bottom .swiper-slide-inner{align-items:flex-end}.elementor--v-position-middle .swiper-slide-inner{align-items:center}.elementor--h-position-left .swiper-slide-inner{justify-content:flex-start}.elementor--h-position-right .swiper-slide-inner{justify-content:flex-end}.elementor--h-position-center .swiper-slide-inner{justify-content:center}body.rtl .elementor-widget-slides .elementor-swiper-button-next{left:10px;right:auto}body.rtl .elementor-widget-slides .elementor-swiper-button-prev{right:10px;left:auto}.elementor-slides-wrapper div:not(.swiper-slide)>.swiper-slide-inner{display:none}@media (max-width:767px){.elementor-slides .swiper-slide-inner{padding:30px}.elementor-slides .swiper-slide-inner .elementor-slide-heading{font-size:23px;line-height:1;margin-bottom:15px}.elementor-slides .swiper-slide-inner .elementor-slide-description{font-size:13px;line-height:1.4;margin-bottom:15px}}<\/style>\t\t<div class=\"elementor-swiper\">\n\t\t\t<div class=\"elementor-slides-wrapper elementor-main-swiper swiper\" dir=\"ltr\" data-animation=\"fadeInUp\">\n\t\t\t\t<div class=\"swiper-wrapper elementor-slides\">\n\t\t\t\t\t\t\t\t\t\t<div class=\"elementor-repeater-item-dc25c07 swiper-slide\"><div class=\"swiper-slide-bg\" role=\"img\"><\/div><div class=\"swiper-slide-inner\" ><div class=\"swiper-slide-contents\"><\/div><\/div><\/div>\t\t\t\t<\/div>\n\t\t\t\t\t\t\t<\/div>\n\t\t<\/div>\n\t\t\t\t<\/div>\n\t\t\t\t<\/div>\n\t\t\t\t<div class=\"elementor-element elementor-element-4934416a elementor-widget elementor-widget-text-editor\" data-id=\"4934416a\" data-element_type=\"widget\" data-widget_type=\"text-editor.default\">\n\t\t\t\t<div class=\"elementor-widget-container\">\n\t\t\t\t\t\t\t<!-- wp:fl-builder\/layout \/-->\t\t\t\t\t\t<\/div>\n\t\t\t\t<\/div>\n\t\t\t\t<div class=\"elementor-element elementor-element-2a42a089 elementor--h-position-center elementor--v-position-middle elementor-arrows-position-inside elementor-pagination-position-inside elementor-widget elementor-widget-slides\" data-id=\"2a42a089\" data-element_type=\"widget\" data-settings=\"{&quot;navigation&quot;:&quot;both&quot;,&quot;autoplay&quot;:&quot;yes&quot;,&quot;pause_on_hover&quot;:&quot;yes&quot;,&quot;pause_on_interaction&quot;:&quot;yes&quot;,&quot;autoplay_speed&quot;:5000,&quot;infinite&quot;:&quot;yes&quot;,&quot;transition&quot;:&quot;slide&quot;,&quot;transition_speed&quot;:500}\" data-widget_type=\"slides.default\">\n\t\t\t\t<div class=\"elementor-widget-container\">\n\t\t\t\t\t<div class=\"elementor-swiper\">\n\t\t\t<div class=\"elementor-slides-wrapper elementor-main-swiper swiper\" dir=\"ltr\" data-animation=\"fadeInUp\">\n\t\t\t\t<div class=\"swiper-wrapper elementor-slides\">\n\t\t\t\t\t\t\t\t\t\t<div class=\"elementor-repeater-item-c6746eb swiper-slide\"><div class=\"swiper-slide-bg\" role=\"img\"><\/div><div class=\"swiper-slide-inner\" ><div class=\"swiper-slide-contents\"><div class=\"elementor-slide-heading\">Incluye:<\/div><div class=\"elementor-slide-description\">\ud83c\udfdd\ufe0f \u00a1Canc\u00fan te espera! 5 d\u00edas y 4 noches de playa, cultura y diversi\u00f3n\n\n\ud83c\udf0a D\u00edas 1 y 2: Playas paradis\u00edacas y descanso total\nRelajate en las playas de arena blanca y aguas turquesa de Canc\u00fan. Disfrut\u00e1 de los clubes de playa, nad\u00e1 en el Caribe mexicano y prob\u00e1 cocteles frente al mar.\n\n\ud83c\udf04 D\u00edas 3 al 5: Cultura maya y aventura\nExplor\u00e1 ruinas como Tulum o Chich\u00e9n Itz\u00e1, nad\u00e1 en cenotes cristalinos o viv\u00ed la emoci\u00f3n de los parques ecol\u00f3gicos como Xcaret o Xel-H\u00e1. Canc\u00fan combina historia, naturaleza y adrenalina.\n\n\ud83c\udf1f Incluye:\n\n4 noches de alojamiento en hotel categor\u00eda turista o superior\n\nDesayunos incluidos\n\nTraslados aeropuerto\u2013hotel\n\nTour a Chich\u00e9n Itz\u00e1 o cenotes (seg\u00fan disponibilidad)\n\nAsistencia en destino\n\n\u2708\ufe0f Canc\u00fan es sol, cultura y diversi\u00f3n todo en uno\n\ud83d\udcf2 Reserv\u00e1 ahora y viv\u00ed la magia del Caribe mexicano.<\/div><\/div><\/div><\/div><div class=\"elementor-repeater-item-954e9c5 swiper-slide\"><div class=\"swiper-slide-bg\" role=\"img\"><\/div><div class=\"swiper-slide-inner\" ><div class=\"swiper-slide-contents\"><div class=\"elementor-slide-heading\">No incluye:<\/div><div class=\"elementor-slide-description\">gastos no especificados en el plan. Aplican terminos y condiciones<\/div><\/div><\/div><\/div><div class=\"elementor-repeater-item-059b3cb swiper-slide\"><div class=\"swiper-slide-bg\" role=\"img\"><\/div><div class=\"swiper-slide-inner\" ><div class=\"swiper-slide-contents\"><div class=\"elementor-slide-heading\">Precios y fechas<\/div><\/div><\/div><\/div>\t\t\t\t<\/div>\n\t\t\t\t\t\t\t\t\t\t\t\t\t\t\t<div class=\"swiper-pagination\"><\/div>\n\t\t\t\t\t\t\t\t\t\t\t\t\t\t\t\t<div class=\"elementor-swiper-button elementor-swiper-button-prev\" role=\"button\" tabindex=\"0\">\n\t\t\t\t\t\t\t<svg aria-hidden=\"true\" class=\"e-font-icon-svg e-eicon-chevron-left\" viewBox=\"0 0 1000 1000\" xmlns=\"http:\/\/www.w3.org\/2000\/svg\"><path d=\"M646 125C629 125 613 133 604 142L308 442C296 454 292 471 292 487 292 504 296 521 308 533L604 854C617 867 629 875 646 875 663 875 679 871 692 858 704 846 713 829 713 812 713 796 708 779 692 767L438 487 692 225C700 217 708 204 708 187 708 171 704 154 692 142 675 129 663 125 646 125Z\"><\/path><\/svg>\t\t\t\t\t\t\t<span class=\"elementor-screen-only\">Previous slide<\/span>\n\t\t\t\t\t\t<\/div>\n\t\t\t\t\t\t<div class=\"elementor-swiper-button elementor-swiper-button-next\" role=\"button\" tabindex=\"0\">\n\t\t\t\t\t\t\t<svg aria-hidden=\"true\" class=\"e-font-icon-svg e-eicon-chevron-right\" viewBox=\"0 0 1000 1000\" xmlns=\"http:\/\/www.w3.org\/2000\/svg\"><path d=\"M696 533C708 521 713 504 713 487 713 471 708 454 696 446L400 146C388 133 375 125 354 125 338 125 325 129 313 142 300 154 292 171 292 187 292 204 296 221 308 233L563 492 304 771C292 783 288 800 288 817 288 833 296 850 308 863 321 871 338 875 354 875 371 875 388 867 400 854L696 533Z\"><\/path><\/svg>\t\t\t\t\t\t\t<span class=\"elementor-screen-only\">Next slide<\/span>\n\t\t\t\t\t\t<\/div>\n\t\t\t\t\t\t\t\t\t\t\t\t<\/div>\n\t\t<\/div>\n\t\t\t\t<\/div>\n\t\t\t\t<\/div>\n\t\t\t\t\t<\/div>\n\t\t\t\t<\/div>\n\t\t<div class=\"elementor-element elementor-element-5674738b e-flex e-con-boxed e-con e-parent\" data-id=\"5674738b\" data-element_type=\"container\" data-settings=\"{&quot;content_width&quot;:&quot;boxed&quot;}\" data-core-v316-plus=\"true\">\n\t\t\t\t\t<div class=\"e-con-inner\">\n\t\t\t\t<div class=\"elementor-element elementor-element-50ef59be elementor-widget elementor-widget-text-editor\" data-id=\"50ef59be\" data-element_type=\"widget\" data-widget_type=\"text-editor.default\">\n\t\t\t\t<div class=\"elementor-widget-container\">\n\t\t\t\t\t\t\t<h3><strong>T\u00e9rminos y Condiciones\u00a0<\/strong><\/h3>\n<ol>\n<li>\n<p data-start=\"247\" data-end=\"712\"><strong data-start=\"247\" data-end=\"276\">Documentaci\u00f3n obligatoria<\/strong><br data-start=\"276\" data-end=\"279\" \/>El pasajero debe portar pasaporte vigente (m\u00ednimo 6 meses de validez al ingreso a M\u00e9xico).<br data-start=\"369\" data-end=\"372\" \/>Se recomienda llevar copia impresa del tiquete a\u00e9reo, reserva de hotel y seguro de viaje (aunque no siempre es obligatorio, es altamente recomendado).<br data-start=\"522\" data-end=\"525\" \/>Migraci\u00f3n mexicana puede solicitar prueba de fondos econ\u00f3micos o carta de invitaci\u00f3n si aplica.<br data-start=\"620\" data-end=\"623\" \/><strong data-start=\"623\" data-end=\"712\">La entrada a M\u00e9xico est\u00e1 sujeta a aprobaci\u00f3n de las autoridades migratorias del pa\u00eds.<\/strong><\/p>\n<p data-start=\"714\" data-end=\"957\"><strong data-start=\"714\" data-end=\"734\">Reservas y pagos<\/strong><br data-start=\"734\" data-end=\"737\" \/>La reserva se considera efectiva una vez realizado el abono inicial.<br data-start=\"805\" data-end=\"808\" \/>El pago total debe completarse en la fecha l\u00edmite acordada. En caso de incumplimiento, la agencia podr\u00e1 cancelar la reserva sin devoluci\u00f3n de dinero.<\/p>\n<p data-start=\"959\" data-end=\"1191\"><strong data-start=\"959\" data-end=\"984\">Tarifas y condiciones<\/strong><br data-start=\"984\" data-end=\"987\" \/>Los precios est\u00e1n sujetos a cambios por factores como tipo de cambio, impuestos, decisiones de aerol\u00edneas o proveedores.<br data-start=\"1107\" data-end=\"1110\" \/>El plan incluye \u00fanicamente lo detallado en el itinerario oficial o la cotizaci\u00f3n.<\/p>\n<p data-start=\"1193\" data-end=\"1323\"><strong data-start=\"1193\" data-end=\"1224\">Cancelaciones y penalidades<\/strong><br data-start=\"1224\" data-end=\"1227\" \/>Cancelaciones voluntarias por parte del pasajero aplican penalidades seg\u00fan el tiempo de aviso:<\/p>\n<ul data-start=\"1324\" data-end=\"1644\">\n<li data-start=\"1324\" data-end=\"1377\">\n<p data-start=\"1326\" data-end=\"1377\">M\u00e1s de 30 d\u00edas antes del viaje: 20% de penalidad.<\/p>\n<\/li>\n<li data-start=\"1378\" data-end=\"1419\">\n<p data-start=\"1380\" data-end=\"1419\">Entre 15 y 29 d\u00edas: 50% de penalidad.<\/p>\n<\/li>\n<li data-start=\"1420\" data-end=\"1644\">\n<p data-start=\"1422\" data-end=\"1644\">Menos de 15 d\u00edas: 100% de penalidad (no hay reembolso).<br data-start=\"1477\" data-end=\"1480\" \/>En caso de fuerza mayor o causas externas (clima, cierres, salud p\u00fablica), se podr\u00e1 reprogramar el viaje o entregar nota cr\u00e9dito seg\u00fan pol\u00edticas de los proveedores.<\/p>\n<\/li>\n<\/ul>\n<p data-start=\"1646\" data-end=\"1816\"><strong data-start=\"1646\" data-end=\"1679\">Modificaciones del itinerario<\/strong><br data-start=\"1679\" data-end=\"1682\" \/>El itinerario puede sufrir cambios por razones operativas, log\u00edsticas o clim\u00e1ticas.<br data-start=\"1765\" data-end=\"1768\" \/>Estos cambios no generan compensaci\u00f3n econ\u00f3mica.<\/p>\n<p data-start=\"1818\" data-end=\"2180\"><strong data-start=\"1818\" data-end=\"1850\">Responsabilidad del pasajero<\/strong><br data-start=\"1850\" data-end=\"1853\" \/>El viajero debe presentarse puntualmente en aeropuertos y actividades programadas.<br data-start=\"1935\" data-end=\"1938\" \/>Debe cumplir con los requisitos migratorios, sanitarios y de ingreso del pa\u00eds destino.<br data-start=\"2024\" data-end=\"2027\" \/>Es su responsabilidad portar su documentaci\u00f3n vigente, tener su esquema de vacunaci\u00f3n al d\u00eda si es requerido, y contratar un seguro m\u00e9dico (recomendado).<\/p>\n<p data-start=\"2182\" data-end=\"2482\"><strong data-start=\"2182\" data-end=\"2215\">Responsabilidad de la agencia<\/strong><br data-start=\"2215\" data-end=\"2218\" \/>La agencia act\u00faa como intermediaria entre el cliente y los proveedores (aerol\u00edneas, hoteles, operadores).<br data-start=\"2323\" data-end=\"2326\" \/>No es responsable por decisiones de autoridades migratorias, p\u00e9rdidas de equipaje, cambios de itinerario por fuerza mayor o situaciones ajenas a su control.<\/p>\n<p data-start=\"2484\" data-end=\"2517\"><strong data-start=\"2484\" data-end=\"2515\">Recomendaciones adicionales<\/strong><\/p>\n<ul data-start=\"2518\" data-end=\"2736\">\n<li data-start=\"2518\" data-end=\"2575\">\n<p data-start=\"2520\" data-end=\"2575\">Se recomienda viajar con seguro m\u00e9dico internacional.<\/p>\n<\/li>\n<li data-start=\"2576\" data-end=\"2663\">\n<p data-start=\"2578\" data-end=\"2663\">Evitar transportar art\u00edculos prohibidos por las aerol\u00edneas o por aduanas mexicanas.<\/p>\n<\/li>\n<li data-start=\"2664\" data-end=\"2736\">\n<p data-start=\"2666\" data-end=\"2736\">Verificar la validez del pasaporte y dem\u00e1s requisitos antes del viaje.<\/p>\n<\/li>\n<\/ul>\n<p data-start=\"2738\" data-end=\"2881\"><strong data-start=\"2738\" data-end=\"2767\">Aceptaci\u00f3n de condiciones<\/strong><br data-start=\"2767\" data-end=\"2770\" \/>El pago total o parcial del viaje implica la aceptaci\u00f3n de estos t\u00e9rminos y condiciones por parte del pasajero.<\/p>\n<\/li>\n<\/ol>\t\t\t\t\t\t<\/div>\n\t\t\t\t<\/div>\n\t\t\t\t\t<\/div>\n\t\t\t\t<\/div>\n\t\t\t\t\t\t\t<\/div>\n\t\t","protected":false},"excerpt":{"rendered":"<p>Incluye:\ud83c\udfdd\ufe0f \u00a1Canc\u00fan te espera! 5 d\u00edas y 4 noches de playa, cultura y diversi\u00f3n \ud83c\udf0a D\u00edas 1 y 2: Playas paradis\u00edacas y descanso total Relajate en las playas de arena blanca y aguas turquesa de Canc\u00fan. Disfrut\u00e1 de los clubes de playa, nad\u00e1 en el Caribe mexicano y prob\u00e1 cocteles frente al mar. \ud83c\udf04 D\u00edas [&hellip;]<\/p>\n","protected":false},"author":1,"featured_media":0,"parent":0,"menu_order":0,"comment_status":"closed","ping_status":"closed","template":"","meta":{"om_disable_all_campaigns":false,"_monsterinsights_skip_tracking":false,"_monsterinsights_sitenote_active":false,"_monsterinsights_sitenote_note":"","_monsterinsights_sitenote_category":0,"site-sidebar-layout":"default","site-content-layout":"","ast-site-content-layout":"default","site-content-style":"default","site-sidebar-style":"default","ast-global-header-display":"","ast-banner-title-visibility":"","ast-main-header-display":"","ast-hfb-above-header-display":"","ast-hfb-below-header-display":"","ast-hfb-mobile-header-display":"","site-post-title":"","ast-breadcrumbs-content":"","ast-featured-img":"","footer-sml-layout":"","theme-transparent-header-meta":"","adv-header-id-meta":"","stick-header-meta":"","header-above-stick-meta":"","header-main-stick-meta":"","header-below-stick-meta":"","astra-migrate-meta-layouts":"set","ast-page-background-enabled":"default","ast-page-background-meta":{"desktop":{"background-color":"","background-image":"","background-repeat":"repeat","background-position":"center center","background-size":"auto","background-attachment":"scroll","background-type":"","background-media":"","overlay-type":"","overlay-color":"","overlay-opacity":"","overlay-gradient":""},"tablet":{"background-color":"","background-image":"","background-repeat":"repeat","background-position":"center center","background-size":"auto","background-attachment":"scroll","background-type":"","background-media":"","overlay-type":"","overlay-color":"","overlay-opacity":"","overlay-gradient":""},"mobile":{"background-color":"","background-image":"","background-repeat":"repeat","background-position":"center center","background-size":"auto","background-attachment":"scroll","background-type":"","background-media":"","overlay-type":"","overlay-color":"","overlay-opacity":"","overlay-gradient":""}},"ast-content-background-meta":{"desktop":{"background-color":"var(--ast-global-color-5)","background-image":"","background-repeat":"repeat","background-position":"center center","background-size":"auto","background-attachment":"scroll","background-type":"","background-media":"","overlay-type":"","overlay-color":"","overlay-opacity":"","overlay-gradient":""},"tablet":{"background-color":"var(--ast-global-color-5)","background-image":"","background-repeat":"repeat","background-position":"center center","background-size":"auto","background-attachment":"scroll","background-type":"","background-media":"","overlay-type":"","overlay-color":"","overlay-opacity":"","overlay-gradient":""},"mobile":{"background-color":"var(--ast-global-color-5)","background-image":"","background-repeat":"repeat","background-position":"center center","background-size":"auto","background-attachment":"scroll","background-type":"","background-media":"","overlay-type":"","overlay-color":"","overlay-opacity":"","overlay-gradient":""}},"_joinchat":[],"footnotes":""},"class_list":["post-1741","page","type-page","status-publish","hentry"],"aioseo_notices":[],"_links":{"self":[{"href":"https:\/\/lsatravels.com.co\/index.php\/wp-json\/wp\/v2\/pages\/1741","targetHints":{"allow":["GET"]}}],"collection":[{"href":"https:\/\/lsatravels.com.co\/index.php\/wp-json\/wp\/v2\/pages"}],"about":[{"href":"https:\/\/lsatravels.com.co\/index.php\/wp-json\/wp\/v2\/types\/page"}],"author":[{"embeddable":true,"href":"https:\/\/lsatravels.com.co\/index.php\/wp-json\/wp\/v2\/users\/1"}],"replies":[{"embeddable":true,"href":"https:\/\/lsatravels.com.co\/index.php\/wp-json\/wp\/v2\/comments?post=1741"}],"version-history":[{"count":7,"href":"https:\/\/lsatravels.com.co\/index.php\/wp-json\/wp\/v2\/pages\/1741\/revisions"}],"predecessor-version":[{"id":2086,"href":"https:\/\/lsatravels.com.co\/index.php\/wp-json\/wp\/v2\/pages\/1741\/revisions\/2086"}],"wp:attachment":[{"href":"https:\/\/lsatravels.com.co\/index.php\/wp-json\/wp\/v2\/media?parent=1741"}],"curies":[{"name":"wp","href":"https:\/\/api.w.org\/{rel}","templated":true}]}}