{"id":1807,"date":"2024-10-04T14:33:51","date_gmt":"2024-10-04T14:33:51","guid":{"rendered":"https:\/\/lsatravels.com.co\/?page_id=1807"},"modified":"2025-08-17T20:38:14","modified_gmt":"2025-08-17T20:38:14","slug":"aruba","status":"publish","type":"page","link":"https:\/\/lsatravels.com.co\/index.php\/aruba\/","title":{"rendered":"Aruba"},"content":{"rendered":"\t\t<div data-elementor-type=\"wp-page\" data-elementor-id=\"1807\" class=\"elementor elementor-1807\" data-elementor-post-type=\"page\">\n\t\t\t\t\t\t\t<div class=\"elementor-element elementor-element-4414923f e-flex e-con-boxed e-con e-parent\" data-id=\"4414923f\" data-element_type=\"container\" data-settings=\"{&quot;content_width&quot;:&quot;boxed&quot;}\" data-core-v316-plus=\"true\">\n\t\t\t\t\t<div class=\"e-con-inner\">\n\t\t\t\t<div class=\"elementor-element elementor-element-750ee14e elementor-widget elementor-widget-text-editor\" data-id=\"750ee14e\" data-element_type=\"widget\" data-widget_type=\"text-editor.default\">\n\t\t\t\t<div class=\"elementor-widget-container\">\n\t\t\t<style>\/*! elementor - v3.18.0 - 20-12-2023 *\/\n.elementor-widget-text-editor.elementor-drop-cap-view-stacked .elementor-drop-cap{background-color:#69727d;color:#fff}.elementor-widget-text-editor.elementor-drop-cap-view-framed .elementor-drop-cap{color:#69727d;border:3px solid;background-color:transparent}.elementor-widget-text-editor:not(.elementor-drop-cap-view-default) .elementor-drop-cap{margin-top:8px}.elementor-widget-text-editor:not(.elementor-drop-cap-view-default) .elementor-drop-cap-letter{width:1em;height:1em}.elementor-widget-text-editor .elementor-drop-cap{float:left;text-align:center;line-height:1;font-size:50px}.elementor-widget-text-editor .elementor-drop-cap-letter{display:inline-block}<\/style>\t\t\t\t<!-- wp:fl-builder\/layout \/-->\t\t\t\t\t\t<\/div>\n\t\t\t\t<\/div>\n\t\t\t\t\t<\/div>\n\t\t\t\t<\/div>\n\t\t<div class=\"elementor-element elementor-element-5c92697 e-flex e-con-boxed e-con e-parent\" data-id=\"5c92697\" data-element_type=\"container\" data-settings=\"{&quot;content_width&quot;:&quot;boxed&quot;}\" data-core-v316-plus=\"true\">\n\t\t\t\t\t<div class=\"e-con-inner\">\n\t\t\t\t<div class=\"elementor-element elementor-element-e8a1e80 elementor-widget elementor-widget-image\" data-id=\"e8a1e80\" data-element_type=\"widget\" data-widget_type=\"image.default\">\n\t\t\t\t<div class=\"elementor-widget-container\">\n\t\t\t<style>\/*! elementor - v3.18.0 - 20-12-2023 *\/\n.elementor-widget-image{text-align:center}.elementor-widget-image a{display:inline-block}.elementor-widget-image a img[src$=\".svg\"]{width:48px}.elementor-widget-image img{vertical-align:middle;display:inline-block}<\/style>\t\t\t\t\t\t\t\t\t\t\t\t<img fetchpriority=\"high\" decoding=\"async\" width=\"1600\" height=\"560\" src=\"https:\/\/lsatravels.com.co\/wp-content\/uploads\/2024\/10\/WhatsApp-Image-2024-10-04-at-9.43.59-AM-1.jpeg\" class=\"attachment-full size-full wp-image-1837\" alt=\"\" srcset=\"https:\/\/lsatravels.com.co\/wp-content\/uploads\/2024\/10\/WhatsApp-Image-2024-10-04-at-9.43.59-AM-1.jpeg 1600w, https:\/\/lsatravels.com.co\/wp-content\/uploads\/2024\/10\/WhatsApp-Image-2024-10-04-at-9.43.59-AM-1-300x105.jpeg 300w, https:\/\/lsatravels.com.co\/wp-content\/uploads\/2024\/10\/WhatsApp-Image-2024-10-04-at-9.43.59-AM-1-1024x358.jpeg 1024w, https:\/\/lsatravels.com.co\/wp-content\/uploads\/2024\/10\/WhatsApp-Image-2024-10-04-at-9.43.59-AM-1-768x269.jpeg 768w, https:\/\/lsatravels.com.co\/wp-content\/uploads\/2024\/10\/WhatsApp-Image-2024-10-04-at-9.43.59-AM-1-1536x538.jpeg 1536w, https:\/\/lsatravels.com.co\/wp-content\/uploads\/2024\/10\/WhatsApp-Image-2024-10-04-at-9.43.59-AM-1-600x210.jpeg 600w\" sizes=\"(max-width: 1600px) 100vw, 1600px\" \/>\t\t\t\t\t\t\t\t\t\t\t\t\t\t\t<\/div>\n\t\t\t\t<\/div>\n\t\t\t\t\t<\/div>\n\t\t\t\t<\/div>\n\t\t<div class=\"elementor-element elementor-element-c36b66c e-flex e-con-boxed e-con e-parent\" data-id=\"c36b66c\" data-element_type=\"container\" data-settings=\"{&quot;content_width&quot;:&quot;boxed&quot;}\" data-core-v316-plus=\"true\">\n\t\t\t\t\t<div class=\"e-con-inner\">\n\t\t\t\t<div class=\"elementor-element elementor-element-44b0ea9 elementor--h-position-center elementor--v-position-middle elementor-arrows-position-inside elementor-pagination-position-inside elementor-widget elementor-widget-slides\" data-id=\"44b0ea9\" data-element_type=\"widget\" data-settings=\"{&quot;navigation&quot;:&quot;both&quot;,&quot;autoplay&quot;:&quot;yes&quot;,&quot;pause_on_hover&quot;:&quot;yes&quot;,&quot;pause_on_interaction&quot;:&quot;yes&quot;,&quot;autoplay_speed&quot;:5000,&quot;infinite&quot;:&quot;yes&quot;,&quot;transition&quot;:&quot;slide&quot;,&quot;transition_speed&quot;:500}\" data-widget_type=\"slides.default\">\n\t\t\t\t<div class=\"elementor-widget-container\">\n\t\t\t<style>\/*! pro-elements - v3.18.0 - 06-12-2023 *\/\n.elementor-slides .swiper-slide-bg{background-size:cover;background-position:50%;background-repeat:no-repeat;min-width:100%;min-height:100%}.elementor-slides .swiper-slide-inner{background-repeat:no-repeat;background-position:50%;position:absolute;top:0;left:0;bottom:0;right:0;padding:50px;margin:auto}.elementor-slides .swiper-slide-inner,.elementor-slides .swiper-slide-inner:hover{color:#fff;display:flex}.elementor-slides .swiper-slide-inner .elementor-background-overlay{position:absolute;z-index:0;top:0;bottom:0;left:0;right:0}.elementor-slides .swiper-slide-inner .elementor-slide-content{position:relative;z-index:1;width:100%}.elementor-slides .swiper-slide-inner .elementor-slide-heading{font-size:35px;font-weight:700;line-height:1}.elementor-slides .swiper-slide-inner .elementor-slide-description{font-size:17px;line-height:1.4}.elementor-slides .swiper-slide-inner .elementor-slide-description:not(:last-child),.elementor-slides .swiper-slide-inner .elementor-slide-heading:not(:last-child){margin-bottom:30px}.elementor-slides .swiper-slide-inner .elementor-slide-button{border:2px solid #fff;color:#fff;background:transparent;display:inline-block}.elementor-slides .swiper-slide-inner .elementor-slide-button,.elementor-slides .swiper-slide-inner .elementor-slide-button:hover{background:transparent;color:inherit;text-decoration:none}.elementor--v-position-top .swiper-slide-inner{align-items:flex-start}.elementor--v-position-bottom .swiper-slide-inner{align-items:flex-end}.elementor--v-position-middle .swiper-slide-inner{align-items:center}.elementor--h-position-left .swiper-slide-inner{justify-content:flex-start}.elementor--h-position-right .swiper-slide-inner{justify-content:flex-end}.elementor--h-position-center .swiper-slide-inner{justify-content:center}body.rtl .elementor-widget-slides .elementor-swiper-button-next{left:10px;right:auto}body.rtl .elementor-widget-slides .elementor-swiper-button-prev{right:10px;left:auto}.elementor-slides-wrapper div:not(.swiper-slide)>.swiper-slide-inner{display:none}@media (max-width:767px){.elementor-slides .swiper-slide-inner{padding:30px}.elementor-slides .swiper-slide-inner .elementor-slide-heading{font-size:23px;line-height:1;margin-bottom:15px}.elementor-slides .swiper-slide-inner .elementor-slide-description{font-size:13px;line-height:1.4;margin-bottom:15px}}<\/style>\t\t<div class=\"elementor-swiper\">\n\t\t\t<div class=\"elementor-slides-wrapper elementor-main-swiper swiper\" dir=\"ltr\" data-animation=\"fadeInUp\">\n\t\t\t\t<div class=\"swiper-wrapper elementor-slides\">\n\t\t\t\t\t\t\t\t\t\t<div class=\"elementor-repeater-item-2504a30 swiper-slide\"><div class=\"swiper-slide-bg\" role=\"img\"><\/div><div class=\"swiper-slide-inner\" ><div class=\"swiper-slide-contents\"><div class=\"elementor-slide-heading\">Incluye:<\/div><div class=\"elementor-slide-description\">\ud83c\udf1e Esc\u00e1pate a Aruba: 5 d\u00edas y 4 noches en el para\u00edso\n\n\ud83c\udfd6 D\u00edas 1 y 2: Playas de ensue\u00f1o\nRelajate en las ic\u00f3nicas playas de Eagle Beach y Palm Beach. Arena blanca, mar cristalino y atardeceres inolvidables te esperan.\n\n\ud83c\udf0a D\u00edas 3 al 5: Explora la isla feliz\nDescubr\u00ed el Parque Nacional Arikok, hac\u00e9 snorkel en Baby Beach o animate a un tour en jeep por el desierto de cactus y cuevas naturales.\n\n\ud83c\udf1f Incluye:\n\n4 noches de alojamiento\n\nTraslados aeropuerto\u2013hotel\n\nDesayunos incluidos\n\nTour panor\u00e1mico por la isla\n\nAsistencia en destino\n\n\u2708\ufe0f \u00a1Viv\u00ed Aruba con sol, mar y aventura sin l\u00edmites!\n\ud83d\udcf2 Reserv\u00e1 ahora y asegur\u00e1 tu lugar en la isla feliz.<\/div><\/div><\/div><\/div><div class=\"elementor-repeater-item-d968343 swiper-slide\"><div class=\"swiper-slide-bg\" role=\"img\"><\/div><div class=\"swiper-slide-inner\" ><div class=\"swiper-slide-contents\"><div class=\"elementor-slide-heading\">No incluye<\/div><div class=\"elementor-slide-description\">gastos no especificados en el plan. Aplican terminos y condiciones<\/div><\/div><\/div><\/div><div class=\"elementor-repeater-item-345db99 swiper-slide\"><div class=\"swiper-slide-bg\" role=\"img\"><\/div><div class=\"swiper-slide-inner\" ><div class=\"swiper-slide-contents\"><div class=\"elementor-slide-heading\">Precios y fechas<\/div><\/div><\/div><\/div>\t\t\t\t<\/div>\n\t\t\t\t\t\t\t\t\t\t\t\t\t\t\t<div class=\"swiper-pagination\"><\/div>\n\t\t\t\t\t\t\t\t\t\t\t\t\t\t\t\t<div class=\"elementor-swiper-button elementor-swiper-button-prev\" role=\"button\" tabindex=\"0\">\n\t\t\t\t\t\t\t<svg aria-hidden=\"true\" class=\"e-font-icon-svg e-eicon-chevron-left\" viewBox=\"0 0 1000 1000\" xmlns=\"http:\/\/www.w3.org\/2000\/svg\"><path d=\"M646 125C629 125 613 133 604 142L308 442C296 454 292 471 292 487 292 504 296 521 308 533L604 854C617 867 629 875 646 875 663 875 679 871 692 858 704 846 713 829 713 812 713 796 708 779 692 767L438 487 692 225C700 217 708 204 708 187 708 171 704 154 692 142 675 129 663 125 646 125Z\"><\/path><\/svg>\t\t\t\t\t\t\t<span class=\"elementor-screen-only\">Previous slide<\/span>\n\t\t\t\t\t\t<\/div>\n\t\t\t\t\t\t<div class=\"elementor-swiper-button elementor-swiper-button-next\" role=\"button\" tabindex=\"0\">\n\t\t\t\t\t\t\t<svg aria-hidden=\"true\" class=\"e-font-icon-svg e-eicon-chevron-right\" viewBox=\"0 0 1000 1000\" xmlns=\"http:\/\/www.w3.org\/2000\/svg\"><path d=\"M696 533C708 521 713 504 713 487 713 471 708 454 696 446L400 146C388 133 375 125 354 125 338 125 325 129 313 142 300 154 292 171 292 187 292 204 296 221 308 233L563 492 304 771C292 783 288 800 288 817 288 833 296 850 308 863 321 871 338 875 354 875 371 875 388 867 400 854L696 533Z\"><\/path><\/svg>\t\t\t\t\t\t\t<span class=\"elementor-screen-only\">Next slide<\/span>\n\t\t\t\t\t\t<\/div>\n\t\t\t\t\t\t\t\t\t\t\t\t<\/div>\n\t\t<\/div>\n\t\t\t\t<\/div>\n\t\t\t\t<\/div>\n\t\t\t\t<div class=\"elementor-element elementor-element-c47acfe elementor-widget elementor-widget-text-editor\" data-id=\"c47acfe\" data-element_type=\"widget\" data-widget_type=\"text-editor.default\">\n\t\t\t\t<div class=\"elementor-widget-container\">\n\t\t\t\t\t\t\t<h3><strong>T\u00e9rminos y Condiciones &#8211; Viaje a Aruba<\/strong><\/h3>\n<ol>\n<li>\n<p><strong>Documentaci\u00f3n<\/strong>: Pasaporte v\u00e1lido requerido. Algunos viajeros pueden necesitar visa para ingresar a Aruba.<\/p>\n<\/li>\n<li>\n<p><strong>Requisitos Sanitarios<\/strong>: Cumplir con las normativas de salud vigentes, como pruebas COVID-19, certificados de vacunaci\u00f3n o cualquier otro requisito sanitario actual.<\/p>\n<\/li>\n<li>\n<p><strong>Cancelaciones y Cambios<\/strong>: Las cancelaciones y modificaciones estar\u00e1n sujetas a las pol\u00edticas de la aerol\u00ednea y agencia. Se pueden aplicar cargos adicionales seg\u00fan la antelaci\u00f3n del cambio.<\/p>\n<\/li>\n<li>\n<p><strong>Equipaje<\/strong>: Verificar las pol\u00edticas de equipaje de la aerol\u00ednea. Pueden aplicarse tarifas por exceso de peso o por art\u00edculos especiales.<\/p>\n<\/li>\n<li>\n<p><strong>Seguro de Viaje<\/strong>: Se recomienda adquirir un seguro de viaje que cubra emergencias m\u00e9dicas, cancelaciones de viaje o p\u00e9rdida de equipaje.<\/p>\n<\/li>\n<li>\n<p><strong>Modificaciones de Itinerario<\/strong>: El itinerario puede sufrir modificaciones por circunstancias imprevistas como clima o problemas operativos.<\/p>\n<\/li>\n<li>\n<p><strong>Comportamiento del Pasajero<\/strong>: Se espera un comportamiento adecuado de los pasajeros. Comportamientos inapropiados pueden resultar en la expulsi\u00f3n del viaje sin derecho a reembolso.<\/p>\n<\/li>\n<li>\n<p><strong>Responsabilidad<\/strong>: La agencia no se hace responsable por retrasos, accidentes, enfermedades o p\u00e9rdida de pertenencias que est\u00e9n fuera de su control.<\/p>\n<\/li>\n<li>\n<p><strong>Fuerza Mayor<\/strong>: En caso de eventos imprevistos como desastres naturales u otras situaciones fuera de nuestro control, se seguir\u00e1n las pol\u00edticas de los proveedores del servicio.<\/p>\n<\/li>\n<li>\n<p><strong>Legislaci\u00f3n Aplicable<\/strong>: Cualquier disputa estar\u00e1 sujeta a las leyes del pa\u00eds donde la agencia de viajes tiene su sede.<\/p>\n<\/li>\n<\/ol>\t\t\t\t\t\t<\/div>\n\t\t\t\t<\/div>\n\t\t\t\t\t<\/div>\n\t\t\t\t<\/div>\n\t\t\t\t\t\t\t<\/div>\n\t\t","protected":false},"excerpt":{"rendered":"<p>Incluye:\ud83c\udf1e Esc\u00e1pate a Aruba: 5 d\u00edas y 4 noches en el para\u00edso \ud83c\udfd6 D\u00edas 1 y 2: Playas de ensue\u00f1o Relajate en las ic\u00f3nicas playas de Eagle Beach y Palm Beach. Arena blanca, mar cristalino y atardeceres inolvidables te esperan. \ud83c\udf0a D\u00edas 3 al 5: Explora la isla feliz Descubr\u00ed el Parque Nacional Arikok, hac\u00e9 [&hellip;]<\/p>\n","protected":false},"author":1,"featured_media":0,"parent":0,"menu_order":0,"comment_status":"closed","ping_status":"closed","template":"","meta":{"om_disable_all_campaigns":false,"_monsterinsights_skip_tracking":false,"_monsterinsights_sitenote_active":false,"_monsterinsights_sitenote_note":"","_monsterinsights_sitenote_category":0,"site-sidebar-layout":"default","site-content-layout":"","ast-site-content-layout":"default","site-content-style":"default","site-sidebar-style":"default","ast-global-header-display":"","ast-banner-title-visibility":"","ast-main-header-display":"","ast-hfb-above-header-display":"","ast-hfb-below-header-display":"","ast-hfb-mobile-header-display":"","site-post-title":"","ast-breadcrumbs-content":"","ast-featured-img":"","footer-sml-layout":"","theme-transparent-header-meta":"","adv-header-id-meta":"","stick-header-meta":"","header-above-stick-meta":"","header-main-stick-meta":"","header-below-stick-meta":"","astra-migrate-meta-layouts":"set","ast-page-background-enabled":"default","ast-page-background-meta":{"desktop":{"background-color":"","background-image":"","background-repeat":"repeat","background-position":"center center","background-size":"auto","background-attachment":"scroll","background-type":"","background-media":"","overlay-type":"","overlay-color":"","overlay-opacity":"","overlay-gradient":""},"tablet":{"background-color":"","background-image":"","background-repeat":"repeat","background-position":"center center","background-size":"auto","background-attachment":"scroll","background-type":"","background-media":"","overlay-type":"","overlay-color":"","overlay-opacity":"","overlay-gradient":""},"mobile":{"background-color":"","background-image":"","background-repeat":"repeat","background-position":"center center","background-size":"auto","background-attachment":"scroll","background-type":"","background-media":"","overlay-type":"","overlay-color":"","overlay-opacity":"","overlay-gradient":""}},"ast-content-background-meta":{"desktop":{"background-color":"var(--ast-global-color-5)","background-image":"","background-repeat":"repeat","background-position":"center center","background-size":"auto","background-attachment":"scroll","background-type":"","background-media":"","overlay-type":"","overlay-color":"","overlay-opacity":"","overlay-gradient":""},"tablet":{"background-color":"var(--ast-global-color-5)","background-image":"","background-repeat":"repeat","background-position":"center center","background-size":"auto","background-attachment":"scroll","background-type":"","background-media":"","overlay-type":"","overlay-color":"","overlay-opacity":"","overlay-gradient":""},"mobile":{"background-color":"var(--ast-global-color-5)","background-image":"","background-repeat":"repeat","background-position":"center center","background-size":"auto","background-attachment":"scroll","background-type":"","background-media":"","overlay-type":"","overlay-color":"","overlay-opacity":"","overlay-gradient":""}},"_joinchat":[],"footnotes":""},"class_list":["post-1807","page","type-page","status-publish","hentry"],"aioseo_notices":[],"_links":{"self":[{"href":"https:\/\/lsatravels.com.co\/index.php\/wp-json\/wp\/v2\/pages\/1807","targetHints":{"allow":["GET"]}}],"collection":[{"href":"https:\/\/lsatravels.com.co\/index.php\/wp-json\/wp\/v2\/pages"}],"about":[{"href":"https:\/\/lsatravels.com.co\/index.php\/wp-json\/wp\/v2\/types\/page"}],"author":[{"embeddable":true,"href":"https:\/\/lsatravels.com.co\/index.php\/wp-json\/wp\/v2\/users\/1"}],"replies":[{"embeddable":true,"href":"https:\/\/lsatravels.com.co\/index.php\/wp-json\/wp\/v2\/comments?post=1807"}],"version-history":[{"count":16,"href":"https:\/\/lsatravels.com.co\/index.php\/wp-json\/wp\/v2\/pages\/1807\/revisions"}],"predecessor-version":[{"id":2092,"href":"https:\/\/lsatravels.com.co\/index.php\/wp-json\/wp\/v2\/pages\/1807\/revisions\/2092"}],"wp:attachment":[{"href":"https:\/\/lsatravels.com.co\/index.php\/wp-json\/wp\/v2\/media?parent=1807"}],"curies":[{"name":"wp","href":"https:\/\/api.w.org\/{rel}","templated":true}]}}