{"id":2020,"date":"2025-08-17T19:43:56","date_gmt":"2025-08-17T19:43:56","guid":{"rendered":"https:\/\/lsatravels.com.co\/?page_id=2020"},"modified":"2025-08-17T20:57:27","modified_gmt":"2025-08-17T20:57:27","slug":"san-andres","status":"publish","type":"page","link":"https:\/\/lsatravels.com.co\/index.php\/san-andres\/","title":{"rendered":"san andr\u00e9s"},"content":{"rendered":"\t\t<div data-elementor-type=\"wp-page\" data-elementor-id=\"2020\" class=\"elementor elementor-2020\" data-elementor-post-type=\"page\">\n\t\t\t\t\t\t\t<div class=\"elementor-element elementor-element-5d812300 e-flex e-con-boxed e-con e-parent\" data-id=\"5d812300\" data-element_type=\"container\" data-settings=\"{&quot;content_width&quot;:&quot;boxed&quot;}\" data-core-v316-plus=\"true\">\n\t\t\t\t\t<div class=\"e-con-inner\">\n\t\t\t\t<div class=\"elementor-element elementor-element-1a6f5364 elementor-widget elementor-widget-text-editor\" data-id=\"1a6f5364\" data-element_type=\"widget\" data-widget_type=\"text-editor.default\">\n\t\t\t\t<div class=\"elementor-widget-container\">\n\t\t\t<style>\/*! elementor - v3.18.0 - 20-12-2023 *\/\n.elementor-widget-text-editor.elementor-drop-cap-view-stacked .elementor-drop-cap{background-color:#69727d;color:#fff}.elementor-widget-text-editor.elementor-drop-cap-view-framed .elementor-drop-cap{color:#69727d;border:3px solid;background-color:transparent}.elementor-widget-text-editor:not(.elementor-drop-cap-view-default) .elementor-drop-cap{margin-top:8px}.elementor-widget-text-editor:not(.elementor-drop-cap-view-default) .elementor-drop-cap-letter{width:1em;height:1em}.elementor-widget-text-editor .elementor-drop-cap{float:left;text-align:center;line-height:1;font-size:50px}.elementor-widget-text-editor .elementor-drop-cap-letter{display:inline-block}<\/style>\t\t\t\t<!-- wp:fl-builder\/layout \/-->\t\t\t\t\t\t<\/div>\n\t\t\t\t<\/div>\n\t\t\t\t\t<\/div>\n\t\t\t\t<\/div>\n\t\t<div class=\"elementor-element elementor-element-1be6921f e-flex e-con-boxed e-con e-parent\" data-id=\"1be6921f\" data-element_type=\"container\" data-settings=\"{&quot;content_width&quot;:&quot;boxed&quot;}\" data-core-v316-plus=\"true\">\n\t\t\t\t\t<div class=\"e-con-inner\">\n\t\t\t\t<div class=\"elementor-element elementor-element-540841a3 elementor-widget elementor-widget-text-editor\" data-id=\"540841a3\" data-element_type=\"widget\" data-widget_type=\"text-editor.default\">\n\t\t\t\t<div class=\"elementor-widget-container\">\n\t\t\t\t\t\t\t<!-- wp:fl-builder\/layout \/-->\t\t\t\t\t\t<\/div>\n\t\t\t\t<\/div>\n\t\t\t\t\t<\/div>\n\t\t\t\t<\/div>\n\t\t<div class=\"elementor-element elementor-element-5077efad e-flex e-con-boxed e-con e-parent\" data-id=\"5077efad\" data-element_type=\"container\" data-settings=\"{&quot;content_width&quot;:&quot;boxed&quot;}\" data-core-v316-plus=\"true\">\n\t\t\t\t\t<div class=\"e-con-inner\">\n\t\t\t\t<div class=\"elementor-element elementor-element-4af05042 elementor--h-position-center elementor--v-position-middle elementor-arrows-position-inside elementor-pagination-position-inside elementor-widget elementor-widget-slides\" data-id=\"4af05042\" data-element_type=\"widget\" data-settings=\"{&quot;navigation&quot;:&quot;both&quot;,&quot;autoplay&quot;:&quot;yes&quot;,&quot;pause_on_hover&quot;:&quot;yes&quot;,&quot;pause_on_interaction&quot;:&quot;yes&quot;,&quot;autoplay_speed&quot;:5000,&quot;infinite&quot;:&quot;yes&quot;,&quot;transition&quot;:&quot;slide&quot;,&quot;transition_speed&quot;:500}\" data-widget_type=\"slides.default\">\n\t\t\t\t<div class=\"elementor-widget-container\">\n\t\t\t<style>\/*! pro-elements - v3.18.0 - 06-12-2023 *\/\n.elementor-slides .swiper-slide-bg{background-size:cover;background-position:50%;background-repeat:no-repeat;min-width:100%;min-height:100%}.elementor-slides .swiper-slide-inner{background-repeat:no-repeat;background-position:50%;position:absolute;top:0;left:0;bottom:0;right:0;padding:50px;margin:auto}.elementor-slides .swiper-slide-inner,.elementor-slides .swiper-slide-inner:hover{color:#fff;display:flex}.elementor-slides .swiper-slide-inner .elementor-background-overlay{position:absolute;z-index:0;top:0;bottom:0;left:0;right:0}.elementor-slides .swiper-slide-inner .elementor-slide-content{position:relative;z-index:1;width:100%}.elementor-slides .swiper-slide-inner .elementor-slide-heading{font-size:35px;font-weight:700;line-height:1}.elementor-slides .swiper-slide-inner .elementor-slide-description{font-size:17px;line-height:1.4}.elementor-slides .swiper-slide-inner .elementor-slide-description:not(:last-child),.elementor-slides .swiper-slide-inner .elementor-slide-heading:not(:last-child){margin-bottom:30px}.elementor-slides .swiper-slide-inner .elementor-slide-button{border:2px solid #fff;color:#fff;background:transparent;display:inline-block}.elementor-slides .swiper-slide-inner .elementor-slide-button,.elementor-slides .swiper-slide-inner .elementor-slide-button:hover{background:transparent;color:inherit;text-decoration:none}.elementor--v-position-top .swiper-slide-inner{align-items:flex-start}.elementor--v-position-bottom .swiper-slide-inner{align-items:flex-end}.elementor--v-position-middle .swiper-slide-inner{align-items:center}.elementor--h-position-left .swiper-slide-inner{justify-content:flex-start}.elementor--h-position-right .swiper-slide-inner{justify-content:flex-end}.elementor--h-position-center .swiper-slide-inner{justify-content:center}body.rtl .elementor-widget-slides .elementor-swiper-button-next{left:10px;right:auto}body.rtl .elementor-widget-slides .elementor-swiper-button-prev{right:10px;left:auto}.elementor-slides-wrapper div:not(.swiper-slide)>.swiper-slide-inner{display:none}@media (max-width:767px){.elementor-slides .swiper-slide-inner{padding:30px}.elementor-slides .swiper-slide-inner .elementor-slide-heading{font-size:23px;line-height:1;margin-bottom:15px}.elementor-slides .swiper-slide-inner .elementor-slide-description{font-size:13px;line-height:1.4;margin-bottom:15px}}<\/style>\t\t<div class=\"elementor-swiper\">\n\t\t\t<div class=\"elementor-slides-wrapper elementor-main-swiper swiper\" dir=\"ltr\" data-animation=\"fadeInUp\">\n\t\t\t\t<div class=\"swiper-wrapper elementor-slides\">\n\t\t\t\t\t\t\t\t\t\t<div class=\"elementor-repeater-item-dc25c07 swiper-slide\"><div class=\"swiper-slide-bg\" role=\"img\"><\/div><div class=\"swiper-slide-inner\" ><div class=\"swiper-slide-contents\"><\/div><\/div><\/div>\t\t\t\t<\/div>\n\t\t\t\t\t\t\t<\/div>\n\t\t<\/div>\n\t\t\t\t<\/div>\n\t\t\t\t<\/div>\n\t\t\t\t<div class=\"elementor-element elementor-element-4c7dac1e elementor-widget elementor-widget-text-editor\" data-id=\"4c7dac1e\" data-element_type=\"widget\" data-widget_type=\"text-editor.default\">\n\t\t\t\t<div class=\"elementor-widget-container\">\n\t\t\t\t\t\t\t<!-- wp:fl-builder\/layout \/-->\t\t\t\t\t\t<\/div>\n\t\t\t\t<\/div>\n\t\t\t\t<div class=\"elementor-element elementor-element-1b4472e7 elementor--h-position-center elementor--v-position-middle elementor-arrows-position-inside elementor-pagination-position-inside elementor-widget elementor-widget-slides\" data-id=\"1b4472e7\" data-element_type=\"widget\" data-settings=\"{&quot;navigation&quot;:&quot;both&quot;,&quot;autoplay&quot;:&quot;yes&quot;,&quot;pause_on_hover&quot;:&quot;yes&quot;,&quot;pause_on_interaction&quot;:&quot;yes&quot;,&quot;autoplay_speed&quot;:5000,&quot;infinite&quot;:&quot;yes&quot;,&quot;transition&quot;:&quot;slide&quot;,&quot;transition_speed&quot;:500}\" data-widget_type=\"slides.default\">\n\t\t\t\t<div class=\"elementor-widget-container\">\n\t\t\t\t\t<div class=\"elementor-swiper\">\n\t\t\t<div class=\"elementor-slides-wrapper elementor-main-swiper swiper\" dir=\"ltr\" data-animation=\"fadeInUp\">\n\t\t\t\t<div class=\"swiper-wrapper elementor-slides\">\n\t\t\t\t\t\t\t\t\t\t<div class=\"elementor-repeater-item-c6746eb swiper-slide\"><div class=\"swiper-slide-bg\" role=\"img\"><\/div><div class=\"swiper-slide-inner\" ><div class=\"swiper-slide-contents\"><div class=\"elementor-slide-heading\">Incluye:<\/div><div class=\"elementor-slide-description\">\ud83c\udfdd San Andr\u00e9s: 5 d\u00edas y 4 noches en el mar de los siete colores\n\n\ud83c\udf0a Viv\u00ed la magia del Caribe colombiano\nDisfrut\u00e1 de playas paradis\u00edacas, aguas cristalinas, cultura isle\u00f1a y un ambiente \u00fanico que solo San Andr\u00e9s puede ofrecerte.\n\n\ud83c\udf1f Incluye:\n\nTiquetes a\u00e9reos ida y vuelta \u2708\ufe0f\n\nTraslados aeropuerto \u2013 hotel \u2013 aeropuerto \ud83d\ude90\n\nAlojamiento por 5 d\u00edas \/ 4 noches en hotel a elecci\u00f3n \ud83c\udfe8\n\nAlimentaci\u00f3n seg\u00fan el plan elegido (desayuno o todo incluido) \ud83c\udf7d\n\nTour vuelta a la isla en lancha \ud83d\udee5\n\nVuelta a la isla terrestre \ud83d\ude97\n\nTarjeta de asistencia al viajero \ud83e\ude7a\n\n\ud83d\udcf2 Reserv\u00e1 ahora y descubr\u00ed el para\u00edso en el Caribe colombiano.\n\u2600\ufe0f Sol, mar y aventura te esperan en San Andr\u00e9s.<\/div><\/div><\/div><\/div><div class=\"elementor-repeater-item-954e9c5 swiper-slide\"><div class=\"swiper-slide-bg\" role=\"img\"><\/div><div class=\"swiper-slide-inner\" ><div class=\"swiper-slide-contents\"><div class=\"elementor-slide-heading\">No incluye:<\/div><div class=\"elementor-slide-description\">gastos no especificados en el plan. Aplican terminos y condiciones<\/div><\/div><\/div><\/div><div class=\"elementor-repeater-item-059b3cb swiper-slide\"><div class=\"swiper-slide-bg\" role=\"img\"><\/div><div class=\"swiper-slide-inner\" ><div class=\"swiper-slide-contents\"><div class=\"elementor-slide-heading\">Precios y fechas<\/div><\/div><\/div><\/div>\t\t\t\t<\/div>\n\t\t\t\t\t\t\t\t\t\t\t\t\t\t\t<div class=\"swiper-pagination\"><\/div>\n\t\t\t\t\t\t\t\t\t\t\t\t\t\t\t\t<div class=\"elementor-swiper-button elementor-swiper-button-prev\" role=\"button\" tabindex=\"0\">\n\t\t\t\t\t\t\t<svg aria-hidden=\"true\" class=\"e-font-icon-svg e-eicon-chevron-left\" viewBox=\"0 0 1000 1000\" xmlns=\"http:\/\/www.w3.org\/2000\/svg\"><path d=\"M646 125C629 125 613 133 604 142L308 442C296 454 292 471 292 487 292 504 296 521 308 533L604 854C617 867 629 875 646 875 663 875 679 871 692 858 704 846 713 829 713 812 713 796 708 779 692 767L438 487 692 225C700 217 708 204 708 187 708 171 704 154 692 142 675 129 663 125 646 125Z\"><\/path><\/svg>\t\t\t\t\t\t\t<span class=\"elementor-screen-only\">Previous slide<\/span>\n\t\t\t\t\t\t<\/div>\n\t\t\t\t\t\t<div class=\"elementor-swiper-button elementor-swiper-button-next\" role=\"button\" tabindex=\"0\">\n\t\t\t\t\t\t\t<svg aria-hidden=\"true\" class=\"e-font-icon-svg e-eicon-chevron-right\" viewBox=\"0 0 1000 1000\" xmlns=\"http:\/\/www.w3.org\/2000\/svg\"><path d=\"M696 533C708 521 713 504 713 487 713 471 708 454 696 446L400 146C388 133 375 125 354 125 338 125 325 129 313 142 300 154 292 171 292 187 292 204 296 221 308 233L563 492 304 771C292 783 288 800 288 817 288 833 296 850 308 863 321 871 338 875 354 875 371 875 388 867 400 854L696 533Z\"><\/path><\/svg>\t\t\t\t\t\t\t<span class=\"elementor-screen-only\">Next slide<\/span>\n\t\t\t\t\t\t<\/div>\n\t\t\t\t\t\t\t\t\t\t\t\t<\/div>\n\t\t<\/div>\n\t\t\t\t<\/div>\n\t\t\t\t<\/div>\n\t\t\t\t\t<\/div>\n\t\t\t\t<\/div>\n\t\t<div class=\"elementor-element elementor-element-4492b11e e-flex e-con-boxed e-con e-parent\" data-id=\"4492b11e\" data-element_type=\"container\" data-settings=\"{&quot;content_width&quot;:&quot;boxed&quot;}\" data-core-v316-plus=\"true\">\n\t\t\t\t\t<div class=\"e-con-inner\">\n\t\t\t\t<div class=\"elementor-element elementor-element-70fc7721 elementor-widget elementor-widget-text-editor\" data-id=\"70fc7721\" data-element_type=\"widget\" data-widget_type=\"text-editor.default\">\n\t\t\t\t<div class=\"elementor-widget-container\">\n\t\t\t\t\t\t\t<h3><strong>T\u00e9rminos y Condiciones\u00a0<\/strong><\/h3>\n<p data-start=\"219\" data-end=\"563\"><strong data-start=\"219\" data-end=\"248\">Documentaci\u00f3n obligatoria<\/strong><br data-start=\"248\" data-end=\"251\" \/>Todos los viajeros deben presentar c\u00e9dula de ciudadan\u00eda (adultos) o tarjeta de identidad\/registro civil (menores).<br data-start=\"365\" data-end=\"368\" \/>Los menores de edad que viajen sin uno o ambos padres deben presentar un permiso autenticado de salida, acompa\u00f1ado de copias de los documentos de identidad de los padres o acudientes autorizados.<\/p>\n<p data-start=\"565\" data-end=\"838\"><strong data-start=\"565\" data-end=\"599\">Tarjeta de turismo obligatoria<\/strong><br data-start=\"599\" data-end=\"602\" \/>Para ingresar a San Andr\u00e9s es obligatorio adquirir la <strong data-start=\"656\" data-end=\"678\">Tarjeta de Turismo<\/strong>, expedida por la aerol\u00ednea o en el aeropuerto antes del abordaje.<br data-start=\"744\" data-end=\"747\" \/>Su valor puede variar y <strong data-start=\"771\" data-end=\"791\">no est\u00e1 incluido<\/strong> en el plan, salvo que se indique lo contrario.<\/p>\n<p data-start=\"840\" data-end=\"1060\"><strong data-start=\"840\" data-end=\"860\">Reservas y pagos<\/strong><br data-start=\"860\" data-end=\"863\" \/>La reserva se considera v\u00e1lida solo tras el abono inicial.<br data-start=\"921\" data-end=\"924\" \/>El pago total debe completarse en la fecha l\u00edmite informada. Si no se cumple, la agencia podr\u00e1 liberar el cupo sin devoluci\u00f3n de dinero.<\/p>\n<p data-start=\"1062\" data-end=\"1338\"><strong data-start=\"1062\" data-end=\"1087\">Tarifas y condiciones<\/strong><br data-start=\"1087\" data-end=\"1090\" \/>Los precios est\u00e1n sujetos a cambios sin previo aviso, seg\u00fan variaciones en transporte, alojamiento, impuestos o decisiones de los proveedores.<br data-start=\"1232\" data-end=\"1235\" \/>El plan incluye \u00fanicamente lo especificado en la cotizaci\u00f3n entregada o publicidad oficial del paquete.<\/p>\n<p data-start=\"1340\" data-end=\"1453\"><strong data-start=\"1340\" data-end=\"1371\">Cancelaciones y penalidades<\/strong><br data-start=\"1371\" data-end=\"1374\" \/>Cancelaciones voluntarias por parte del pasajero est\u00e1n sujetas a penalidades:<\/p>\n<ul data-start=\"1454\" data-end=\"1750\">\n<li data-start=\"1454\" data-end=\"1507\">\n<p data-start=\"1456\" data-end=\"1507\">M\u00e1s de 15 d\u00edas antes del viaje: 20% de penalidad.<\/p>\n<\/li>\n<li data-start=\"1508\" data-end=\"1548\">\n<p data-start=\"1510\" data-end=\"1548\">Entre 8 y 14 d\u00edas: 50% de penalidad.<\/p>\n<\/li>\n<li data-start=\"1549\" data-end=\"1750\">\n<p data-start=\"1551\" data-end=\"1750\">Menos de 8 d\u00edas: 100% de penalidad (no hay reembolso).<br data-start=\"1605\" data-end=\"1608\" \/>En caso de fuerza mayor (clima, cierres, huelgas, etc.), se podr\u00e1 reprogramar el viaje o entregar nota cr\u00e9dito, seg\u00fan pol\u00edticas del proveedor.<\/p>\n<\/li>\n<\/ul>\n<p data-start=\"1752\" data-end=\"2032\"><strong data-start=\"1752\" data-end=\"1785\">Modificaciones del itinerario<\/strong><br data-start=\"1785\" data-end=\"1788\" \/>El itinerario puede ajustarse por condiciones clim\u00e1ticas, operativas o log\u00edsticas sin que esto implique compensaci\u00f3n.<br data-start=\"1905\" data-end=\"1908\" \/>La agencia se reserva el derecho de cambiar el orden de las actividades o sus horarios para el correcto desarrollo del plan.<\/p>\n<p data-start=\"2034\" data-end=\"2102\"><strong data-start=\"2034\" data-end=\"2066\">Responsabilidad del pasajero<\/strong><br data-start=\"2066\" data-end=\"2069\" \/>Es responsabilidad del viajero:<\/p>\n<ul data-start=\"2103\" data-end=\"2327\">\n<li data-start=\"2103\" data-end=\"2165\">\n<p data-start=\"2105\" data-end=\"2165\">Presentarse a tiempo en aeropuertos y puntos de encuentro.<\/p>\n<\/li>\n<li data-start=\"2166\" data-end=\"2202\">\n<p data-start=\"2168\" data-end=\"2202\">Portar su documentaci\u00f3n vigente.<\/p>\n<\/li>\n<li data-start=\"2203\" data-end=\"2270\">\n<p data-start=\"2205\" data-end=\"2270\">Respetar las normas del destino y de los servicios contratados.<\/p>\n<\/li>\n<li data-start=\"2271\" data-end=\"2327\">\n<p data-start=\"2273\" data-end=\"2327\">Seguir las indicaciones del gu\u00eda o personal designado.<\/p>\n<\/li>\n<\/ul>\n<p data-start=\"2329\" data-end=\"2577\"><strong data-start=\"2329\" data-end=\"2362\">Responsabilidad de la agencia<\/strong><br data-start=\"2362\" data-end=\"2365\" \/>La agencia act\u00faa como intermediaria entre el pasajero y los proveedores (hoteles, aerol\u00edneas, operadores locales).<br data-start=\"2479\" data-end=\"2482\" \/>No es responsable por p\u00e9rdidas, retrasos, accidentes o situaciones fuera de su control directo.<\/p>\n<p data-start=\"2579\" data-end=\"2616\"><strong data-start=\"2579\" data-end=\"2614\">Recomendaciones para San Andr\u00e9s<\/strong><\/p>\n<ul data-start=\"2617\" data-end=\"2966\">\n<li data-start=\"2617\" data-end=\"2697\">\n<p data-start=\"2619\" data-end=\"2697\">Llevar ropa ligera, bloqueador solar, traje de ba\u00f1o, gorra y calzado c\u00f3modo.<\/p>\n<\/li>\n<li data-start=\"2698\" data-end=\"2776\">\n<p data-start=\"2700\" data-end=\"2776\">Evitar el uso de pl\u00e1sticos de un solo uso y proteger el ecosistema marino.<\/p>\n<\/li>\n<li data-start=\"2777\" data-end=\"2872\">\n<p data-start=\"2779\" data-end=\"2872\">Cumplir las normas ambientales locales (algunas playas o \u00e1reas pueden tener restricciones).<\/p>\n<\/li>\n<li data-start=\"2873\" data-end=\"2966\">\n<p data-start=\"2875\" data-end=\"2966\">No est\u00e1 permitido el ingreso de productos frescos como frutas, verduras o carnes a la isla.<\/p>\n<\/li>\n<\/ul>\n<p data-start=\"2968\" data-end=\"3099\"><strong data-start=\"2968\" data-end=\"2997\">Aceptaci\u00f3n de condiciones<\/strong><br data-start=\"2997\" data-end=\"3000\" \/>El pago del plan implica la aceptaci\u00f3n total de estos t\u00e9rminos y condiciones por parte del viajero.<\/p>\n<p data-start=\"188\" data-end=\"475\"><span style=\"font-size: 16px;\">.<\/span><\/p>\t\t\t\t\t\t<\/div>\n\t\t\t\t<\/div>\n\t\t\t\t\t<\/div>\n\t\t\t\t<\/div>\n\t\t\t\t\t\t\t<\/div>\n\t\t","protected":false},"excerpt":{"rendered":"<p>Incluye:\ud83c\udfdd San Andr\u00e9s: 5 d\u00edas y 4 noches en el mar de los siete colores \ud83c\udf0a Viv\u00ed la magia del Caribe colombiano Disfrut\u00e1 de playas paradis\u00edacas, aguas cristalinas, cultura isle\u00f1a y un ambiente \u00fanico que solo San Andr\u00e9s puede ofrecerte. \ud83c\udf1f Incluye: Tiquetes a\u00e9reos ida y vuelta \u2708\ufe0f Traslados aeropuerto \u2013 hotel \u2013 aeropuerto \ud83d\ude90 [&hellip;]<\/p>\n","protected":false},"author":1,"featured_media":0,"parent":0,"menu_order":0,"comment_status":"closed","ping_status":"closed","template":"","meta":{"om_disable_all_campaigns":false,"_monsterinsights_skip_tracking":false,"_monsterinsights_sitenote_active":false,"_monsterinsights_sitenote_note":"","_monsterinsights_sitenote_category":0,"site-sidebar-layout":"default","site-content-layout":"","ast-site-content-layout":"default","site-content-style":"default","site-sidebar-style":"default","ast-global-header-display":"","ast-banner-title-visibility":"","ast-main-header-display":"","ast-hfb-above-header-display":"","ast-hfb-below-header-display":"","ast-hfb-mobile-header-display":"","site-post-title":"","ast-breadcrumbs-content":"","ast-featured-img":"","footer-sml-layout":"","theme-transparent-header-meta":"","adv-header-id-meta":"","stick-header-meta":"","header-above-stick-meta":"","header-main-stick-meta":"","header-below-stick-meta":"","astra-migrate-meta-layouts":"set","ast-page-background-enabled":"default","ast-page-background-meta":{"desktop":{"background-color":"","background-image":"","background-repeat":"repeat","background-position":"center center","background-size":"auto","background-attachment":"scroll","background-type":"","background-media":"","overlay-type":"","overlay-color":"","overlay-opacity":"","overlay-gradient":""},"tablet":{"background-color":"","background-image":"","background-repeat":"repeat","background-position":"center center","background-size":"auto","background-attachment":"scroll","background-type":"","background-media":"","overlay-type":"","overlay-color":"","overlay-opacity":"","overlay-gradient":""},"mobile":{"background-color":"","background-image":"","background-repeat":"repeat","background-position":"center center","background-size":"auto","background-attachment":"scroll","background-type":"","background-media":"","overlay-type":"","overlay-color":"","overlay-opacity":"","overlay-gradient":""}},"ast-content-background-meta":{"desktop":{"background-color":"var(--ast-global-color-5)","background-image":"","background-repeat":"repeat","background-position":"center center","background-size":"auto","background-attachment":"scroll","background-type":"","background-media":"","overlay-type":"","overlay-color":"","overlay-opacity":"","overlay-gradient":""},"tablet":{"background-color":"var(--ast-global-color-5)","background-image":"","background-repeat":"repeat","background-position":"center center","background-size":"auto","background-attachment":"scroll","background-type":"","background-media":"","overlay-type":"","overlay-color":"","overlay-opacity":"","overlay-gradient":""},"mobile":{"background-color":"var(--ast-global-color-5)","background-image":"","background-repeat":"repeat","background-position":"center center","background-size":"auto","background-attachment":"scroll","background-type":"","background-media":"","overlay-type":"","overlay-color":"","overlay-opacity":"","overlay-gradient":""}},"_joinchat":[],"footnotes":""},"class_list":["post-2020","page","type-page","status-publish","hentry"],"aioseo_notices":[],"_links":{"self":[{"href":"https:\/\/lsatravels.com.co\/index.php\/wp-json\/wp\/v2\/pages\/2020","targetHints":{"allow":["GET"]}}],"collection":[{"href":"https:\/\/lsatravels.com.co\/index.php\/wp-json\/wp\/v2\/pages"}],"about":[{"href":"https:\/\/lsatravels.com.co\/index.php\/wp-json\/wp\/v2\/types\/page"}],"author":[{"embeddable":true,"href":"https:\/\/lsatravels.com.co\/index.php\/wp-json\/wp\/v2\/users\/1"}],"replies":[{"embeddable":true,"href":"https:\/\/lsatravels.com.co\/index.php\/wp-json\/wp\/v2\/comments?post=2020"}],"version-history":[{"count":13,"href":"https:\/\/lsatravels.com.co\/index.php\/wp-json\/wp\/v2\/pages\/2020\/revisions"}],"predecessor-version":[{"id":2118,"href":"https:\/\/lsatravels.com.co\/index.php\/wp-json\/wp\/v2\/pages\/2020\/revisions\/2118"}],"wp:attachment":[{"href":"https:\/\/lsatravels.com.co\/index.php\/wp-json\/wp\/v2\/media?parent=2020"}],"curies":[{"name":"wp","href":"https:\/\/api.w.org\/{rel}","templated":true}]}}