{"id":2038,"date":"2025-08-17T20:13:22","date_gmt":"2025-08-17T20:13:22","guid":{"rendered":"https:\/\/lsatravels.com.co\/?page_id=2038"},"modified":"2025-08-17T20:59:04","modified_gmt":"2025-08-17T20:59:04","slug":"la-guajira","status":"publish","type":"page","link":"https:\/\/lsatravels.com.co\/index.php\/la-guajira\/","title":{"rendered":"La guajira"},"content":{"rendered":"\t\t<div data-elementor-type=\"wp-page\" data-elementor-id=\"2038\" class=\"elementor elementor-2038\" data-elementor-post-type=\"page\">\n\t\t\t\t\t\t\t<div class=\"elementor-element elementor-element-270ecaad e-flex e-con-boxed e-con e-parent\" data-id=\"270ecaad\" data-element_type=\"container\" data-settings=\"{&quot;content_width&quot;:&quot;boxed&quot;}\" data-core-v316-plus=\"true\">\n\t\t\t\t\t<div class=\"e-con-inner\">\n\t\t\t\t<div class=\"elementor-element elementor-element-4a227d3c elementor-widget elementor-widget-text-editor\" data-id=\"4a227d3c\" data-element_type=\"widget\" data-widget_type=\"text-editor.default\">\n\t\t\t\t<div class=\"elementor-widget-container\">\n\t\t\t<style>\/*! elementor - v3.18.0 - 20-12-2023 *\/\n.elementor-widget-text-editor.elementor-drop-cap-view-stacked .elementor-drop-cap{background-color:#69727d;color:#fff}.elementor-widget-text-editor.elementor-drop-cap-view-framed .elementor-drop-cap{color:#69727d;border:3px solid;background-color:transparent}.elementor-widget-text-editor:not(.elementor-drop-cap-view-default) .elementor-drop-cap{margin-top:8px}.elementor-widget-text-editor:not(.elementor-drop-cap-view-default) .elementor-drop-cap-letter{width:1em;height:1em}.elementor-widget-text-editor .elementor-drop-cap{float:left;text-align:center;line-height:1;font-size:50px}.elementor-widget-text-editor .elementor-drop-cap-letter{display:inline-block}<\/style>\t\t\t\t<!-- wp:fl-builder\/layout \/-->\t\t\t\t\t\t<\/div>\n\t\t\t\t<\/div>\n\t\t\t\t\t<\/div>\n\t\t\t\t<\/div>\n\t\t<div class=\"elementor-element elementor-element-14a974d8 e-flex e-con-boxed e-con e-parent\" data-id=\"14a974d8\" data-element_type=\"container\" data-settings=\"{&quot;content_width&quot;:&quot;boxed&quot;}\" data-core-v316-plus=\"true\">\n\t\t\t\t\t<div class=\"e-con-inner\">\n\t\t\t\t<div class=\"elementor-element elementor-element-18d941a elementor-widget elementor-widget-text-editor\" data-id=\"18d941a\" data-element_type=\"widget\" data-widget_type=\"text-editor.default\">\n\t\t\t\t<div class=\"elementor-widget-container\">\n\t\t\t\t\t\t\t<!-- wp:fl-builder\/layout \/-->\t\t\t\t\t\t<\/div>\n\t\t\t\t<\/div>\n\t\t\t\t\t<\/div>\n\t\t\t\t<\/div>\n\t\t<div class=\"elementor-element elementor-element-2a22d6be e-flex e-con-boxed e-con e-parent\" data-id=\"2a22d6be\" data-element_type=\"container\" data-settings=\"{&quot;content_width&quot;:&quot;boxed&quot;}\" data-core-v316-plus=\"true\">\n\t\t\t\t\t<div class=\"e-con-inner\">\n\t\t\t\t<div class=\"elementor-element elementor-element-49c7e1b5 elementor--h-position-center elementor--v-position-middle elementor-arrows-position-inside elementor-pagination-position-inside elementor-widget elementor-widget-slides\" data-id=\"49c7e1b5\" data-element_type=\"widget\" data-settings=\"{&quot;navigation&quot;:&quot;both&quot;,&quot;autoplay&quot;:&quot;yes&quot;,&quot;pause_on_hover&quot;:&quot;yes&quot;,&quot;pause_on_interaction&quot;:&quot;yes&quot;,&quot;autoplay_speed&quot;:5000,&quot;infinite&quot;:&quot;yes&quot;,&quot;transition&quot;:&quot;slide&quot;,&quot;transition_speed&quot;:500}\" data-widget_type=\"slides.default\">\n\t\t\t\t<div class=\"elementor-widget-container\">\n\t\t\t<style>\/*! pro-elements - v3.18.0 - 06-12-2023 *\/\n.elementor-slides .swiper-slide-bg{background-size:cover;background-position:50%;background-repeat:no-repeat;min-width:100%;min-height:100%}.elementor-slides .swiper-slide-inner{background-repeat:no-repeat;background-position:50%;position:absolute;top:0;left:0;bottom:0;right:0;padding:50px;margin:auto}.elementor-slides .swiper-slide-inner,.elementor-slides .swiper-slide-inner:hover{color:#fff;display:flex}.elementor-slides .swiper-slide-inner .elementor-background-overlay{position:absolute;z-index:0;top:0;bottom:0;left:0;right:0}.elementor-slides .swiper-slide-inner .elementor-slide-content{position:relative;z-index:1;width:100%}.elementor-slides .swiper-slide-inner .elementor-slide-heading{font-size:35px;font-weight:700;line-height:1}.elementor-slides .swiper-slide-inner .elementor-slide-description{font-size:17px;line-height:1.4}.elementor-slides .swiper-slide-inner .elementor-slide-description:not(:last-child),.elementor-slides .swiper-slide-inner .elementor-slide-heading:not(:last-child){margin-bottom:30px}.elementor-slides .swiper-slide-inner .elementor-slide-button{border:2px solid #fff;color:#fff;background:transparent;display:inline-block}.elementor-slides .swiper-slide-inner .elementor-slide-button,.elementor-slides .swiper-slide-inner .elementor-slide-button:hover{background:transparent;color:inherit;text-decoration:none}.elementor--v-position-top .swiper-slide-inner{align-items:flex-start}.elementor--v-position-bottom .swiper-slide-inner{align-items:flex-end}.elementor--v-position-middle .swiper-slide-inner{align-items:center}.elementor--h-position-left .swiper-slide-inner{justify-content:flex-start}.elementor--h-position-right .swiper-slide-inner{justify-content:flex-end}.elementor--h-position-center .swiper-slide-inner{justify-content:center}body.rtl .elementor-widget-slides .elementor-swiper-button-next{left:10px;right:auto}body.rtl .elementor-widget-slides .elementor-swiper-button-prev{right:10px;left:auto}.elementor-slides-wrapper div:not(.swiper-slide)>.swiper-slide-inner{display:none}@media (max-width:767px){.elementor-slides .swiper-slide-inner{padding:30px}.elementor-slides .swiper-slide-inner .elementor-slide-heading{font-size:23px;line-height:1;margin-bottom:15px}.elementor-slides .swiper-slide-inner .elementor-slide-description{font-size:13px;line-height:1.4;margin-bottom:15px}}<\/style>\t\t<div class=\"elementor-swiper\">\n\t\t\t<div class=\"elementor-slides-wrapper elementor-main-swiper swiper\" dir=\"ltr\" data-animation=\"fadeInUp\">\n\t\t\t\t<div class=\"swiper-wrapper elementor-slides\">\n\t\t\t\t\t\t\t\t\t\t<div class=\"elementor-repeater-item-dc25c07 swiper-slide\"><div class=\"swiper-slide-bg\" role=\"img\"><\/div><div class=\"swiper-slide-inner\" ><div class=\"swiper-slide-contents\"><\/div><\/div><\/div>\t\t\t\t<\/div>\n\t\t\t\t\t\t\t<\/div>\n\t\t<\/div>\n\t\t\t\t<\/div>\n\t\t\t\t<\/div>\n\t\t\t\t<div class=\"elementor-element elementor-element-6c472d8a elementor-widget elementor-widget-text-editor\" data-id=\"6c472d8a\" data-element_type=\"widget\" data-widget_type=\"text-editor.default\">\n\t\t\t\t<div class=\"elementor-widget-container\">\n\t\t\t\t\t\t\t<!-- wp:fl-builder\/layout \/-->\t\t\t\t\t\t<\/div>\n\t\t\t\t<\/div>\n\t\t\t\t<div class=\"elementor-element elementor-element-7315b858 elementor--h-position-center elementor--v-position-middle elementor-arrows-position-inside elementor-pagination-position-inside elementor-widget elementor-widget-slides\" data-id=\"7315b858\" data-element_type=\"widget\" data-settings=\"{&quot;navigation&quot;:&quot;both&quot;,&quot;autoplay&quot;:&quot;yes&quot;,&quot;pause_on_hover&quot;:&quot;yes&quot;,&quot;pause_on_interaction&quot;:&quot;yes&quot;,&quot;autoplay_speed&quot;:5000,&quot;infinite&quot;:&quot;yes&quot;,&quot;transition&quot;:&quot;slide&quot;,&quot;transition_speed&quot;:500}\" data-widget_type=\"slides.default\">\n\t\t\t\t<div class=\"elementor-widget-container\">\n\t\t\t\t\t<div class=\"elementor-swiper\">\n\t\t\t<div class=\"elementor-slides-wrapper elementor-main-swiper swiper\" dir=\"ltr\" data-animation=\"fadeInUp\">\n\t\t\t\t<div class=\"swiper-wrapper elementor-slides\">\n\t\t\t\t\t\t\t\t\t\t<div class=\"elementor-repeater-item-c6746eb swiper-slide\"><div class=\"swiper-slide-bg\" role=\"img\"><\/div><div class=\"swiper-slide-inner\" ><div class=\"swiper-slide-contents\"><div class=\"elementor-slide-heading\">Incluye:<\/div><div class=\"elementor-slide-description\">\ud83c\udf35 La Guajira: 5 d\u00edas y 4 noches de aventura y cultura en el desierto y mar\n\n\u2728 Explor\u00e1 un destino \u00fanico lleno de paisajes impresionantes\nDescubr\u00ed las dunas de Taroa, el Cabo de la Vela y la rica cultura wayuu en un viaje inolvidable al extremo norte de Colombia.\n\n\ud83c\udf1f Incluye:\n\nTiquetes a\u00e9reos ida y vuelta \u2708\ufe0f\n\nTraslados aeropuerto \u2013 hotel \u2013 aeropuerto \ud83d\ude90\n\nAlojamiento por 5 d\u00edas \/ 4 noches en hotel a elecci\u00f3n \ud83c\udfe8\n\nAlimentaci\u00f3n seg\u00fan el plan elegido \ud83c\udf7d\n\nTarjeta de asistencia al viajero \ud83e\ude7a\n\n\ud83d\udcf2 Reserv\u00e1 ya y viv\u00ed la magia de La Guajira, entre desierto y mar.<\/div><\/div><\/div><\/div><div class=\"elementor-repeater-item-954e9c5 swiper-slide\"><div class=\"swiper-slide-bg\" role=\"img\"><\/div><div class=\"swiper-slide-inner\" ><div class=\"swiper-slide-contents\"><div class=\"elementor-slide-heading\">No incluye:<\/div><div class=\"elementor-slide-description\">gastos no especificados en el plan. Aplican terminos y condiciones<\/div><\/div><\/div><\/div><div class=\"elementor-repeater-item-059b3cb swiper-slide\"><div class=\"swiper-slide-bg\" role=\"img\"><\/div><div class=\"swiper-slide-inner\" ><div class=\"swiper-slide-contents\"><div class=\"elementor-slide-heading\">Precios y fechas<\/div><\/div><\/div><\/div>\t\t\t\t<\/div>\n\t\t\t\t\t\t\t\t\t\t\t\t\t\t\t<div class=\"swiper-pagination\"><\/div>\n\t\t\t\t\t\t\t\t\t\t\t\t\t\t\t\t<div class=\"elementor-swiper-button elementor-swiper-button-prev\" role=\"button\" tabindex=\"0\">\n\t\t\t\t\t\t\t<svg aria-hidden=\"true\" class=\"e-font-icon-svg e-eicon-chevron-left\" viewBox=\"0 0 1000 1000\" xmlns=\"http:\/\/www.w3.org\/2000\/svg\"><path d=\"M646 125C629 125 613 133 604 142L308 442C296 454 292 471 292 487 292 504 296 521 308 533L604 854C617 867 629 875 646 875 663 875 679 871 692 858 704 846 713 829 713 812 713 796 708 779 692 767L438 487 692 225C700 217 708 204 708 187 708 171 704 154 692 142 675 129 663 125 646 125Z\"><\/path><\/svg>\t\t\t\t\t\t\t<span class=\"elementor-screen-only\">Previous slide<\/span>\n\t\t\t\t\t\t<\/div>\n\t\t\t\t\t\t<div class=\"elementor-swiper-button elementor-swiper-button-next\" role=\"button\" tabindex=\"0\">\n\t\t\t\t\t\t\t<svg aria-hidden=\"true\" class=\"e-font-icon-svg e-eicon-chevron-right\" viewBox=\"0 0 1000 1000\" xmlns=\"http:\/\/www.w3.org\/2000\/svg\"><path d=\"M696 533C708 521 713 504 713 487 713 471 708 454 696 446L400 146C388 133 375 125 354 125 338 125 325 129 313 142 300 154 292 171 292 187 292 204 296 221 308 233L563 492 304 771C292 783 288 800 288 817 288 833 296 850 308 863 321 871 338 875 354 875 371 875 388 867 400 854L696 533Z\"><\/path><\/svg>\t\t\t\t\t\t\t<span class=\"elementor-screen-only\">Next slide<\/span>\n\t\t\t\t\t\t<\/div>\n\t\t\t\t\t\t\t\t\t\t\t\t<\/div>\n\t\t<\/div>\n\t\t\t\t<\/div>\n\t\t\t\t<\/div>\n\t\t\t\t\t<\/div>\n\t\t\t\t<\/div>\n\t\t<div class=\"elementor-element elementor-element-9e6a3df e-flex e-con-boxed e-con e-parent\" data-id=\"9e6a3df\" data-element_type=\"container\" data-settings=\"{&quot;content_width&quot;:&quot;boxed&quot;}\" data-core-v316-plus=\"true\">\n\t\t\t\t\t<div class=\"e-con-inner\">\n\t\t\t\t<div class=\"elementor-element elementor-element-eb790d0 elementor-widget elementor-widget-text-editor\" data-id=\"eb790d0\" data-element_type=\"widget\" data-widget_type=\"text-editor.default\">\n\t\t\t\t<div class=\"elementor-widget-container\">\n\t\t\t\t\t\t\t<h3><strong>T\u00e9rminos y Condiciones\u00a0<\/strong><\/h3>\n<p data-start=\"245\" data-end=\"506\"><strong data-start=\"245\" data-end=\"274\">Documentaci\u00f3n obligatoria<\/strong><br data-start=\"274\" data-end=\"277\" \/>El pasajero debe presentar c\u00e9dula de ciudadan\u00eda (adultos) o tarjeta de identidad\/registro civil (menores).<br data-start=\"383\" data-end=\"386\" \/>Para menores que viajen sin uno o ambos padres, se requiere permiso autenticado y copia de los documentos de los padres.<\/p>\n<p data-start=\"508\" data-end=\"741\"><strong data-start=\"508\" data-end=\"528\">Reservas y pagos<\/strong><br data-start=\"528\" data-end=\"531\" \/>La reserva se confirma solo despu\u00e9s del pago del abono inicial acordado.<br data-start=\"603\" data-end=\"606\" \/>El pago total debe completarse en las fechas establecidas. En caso contrario, la agencia podr\u00e1 liberar el cupo sin derecho a reembolso.<\/p>\n<p data-start=\"743\" data-end=\"967\"><strong data-start=\"743\" data-end=\"768\">Tarifas y condiciones<\/strong><br data-start=\"768\" data-end=\"771\" \/>Los precios pueden variar sin previo aviso por cambios en transporte, alojamiento, impuestos o servicios de terceros.<br data-start=\"888\" data-end=\"891\" \/>El paquete incluye \u00fanicamente los servicios descritos en el plan contratado.<\/p>\n<p data-start=\"969\" data-end=\"1090\"><strong data-start=\"969\" data-end=\"1000\">Cancelaciones y penalidades<\/strong><br data-start=\"1000\" data-end=\"1003\" \/>Las cancelaciones por parte del cliente aplican penalidades seg\u00fan el tiempo de aviso:<\/p>\n<ul data-start=\"1091\" data-end=\"1388\">\n<li data-start=\"1091\" data-end=\"1144\">\n<p data-start=\"1093\" data-end=\"1144\">M\u00e1s de 15 d\u00edas antes del viaje: 20% de penalidad.<\/p>\n<\/li>\n<li data-start=\"1145\" data-end=\"1185\">\n<p data-start=\"1147\" data-end=\"1185\">Entre 8 y 14 d\u00edas: 50% de penalidad.<\/p>\n<\/li>\n<li data-start=\"1186\" data-end=\"1388\">\n<p data-start=\"1188\" data-end=\"1388\">Menos de 8 d\u00edas: 100% de penalidad (no hay reembolso).<br data-start=\"1242\" data-end=\"1245\" \/>En caso de fuerza mayor (clima extremo, bloqueos, etc.), se ofrecer\u00e1 reprogramaci\u00f3n o nota cr\u00e9dito conforme a las pol\u00edticas de los proveedores.<\/p>\n<\/li>\n<\/ul>\n<p data-start=\"1390\" data-end=\"1670\"><strong data-start=\"1390\" data-end=\"1423\">Modificaciones del itinerario<\/strong><br data-start=\"1423\" data-end=\"1426\" \/>El itinerario puede sufrir cambios por razones clim\u00e1ticas, operativas o de seguridad sin que esto genere compensaci\u00f3n.<br data-start=\"1544\" data-end=\"1547\" \/>La agencia se reserva el derecho de modificar horarios o el orden de las actividades para asegurar el desarrollo del viaje.<\/p>\n<p data-start=\"1672\" data-end=\"1909\"><strong data-start=\"1672\" data-end=\"1704\">Responsabilidad del pasajero<\/strong><br data-start=\"1704\" data-end=\"1707\" \/>El viajero debe presentarse puntualmente en los puntos de encuentro y portar sus documentos de identidad.<br data-start=\"1812\" data-end=\"1815\" \/>Debe respetar las indicaciones del gu\u00eda y las normas de convivencia, transporte y alojamiento.<\/p>\n<p data-start=\"1911\" data-end=\"2150\"><strong data-start=\"1911\" data-end=\"1944\">Responsabilidad de la agencia<\/strong><br data-start=\"1944\" data-end=\"1947\" \/>La agencia es intermediaria entre el cliente y los proveedores (transportes, alojamiento, operadores locales).<br data-start=\"2057\" data-end=\"2060\" \/>No se responsabiliza por retrasos, p\u00e9rdidas, accidentes o situaciones ajenas a su control.<\/p>\n<p data-start=\"2152\" data-end=\"2275\"><strong data-start=\"2152\" data-end=\"2182\">Consideraciones especiales<\/strong><br data-start=\"2182\" data-end=\"2185\" \/>Dado que La Guajira es una zona semi-des\u00e9rtica con comunidades ind\u00edgenas, se recomienda:<\/p>\n<ul data-start=\"2276\" data-end=\"2559\">\n<li data-start=\"2276\" data-end=\"2349\">\n<p data-start=\"2278\" data-end=\"2349\">Llevar ropa c\u00f3moda, protecci\u00f3n solar, hidrataci\u00f3n y calzado adecuado.<\/p>\n<\/li>\n<li data-start=\"2350\" data-end=\"2417\">\n<p data-start=\"2352\" data-end=\"2417\">Respetar las costumbres y tradiciones de las comunidades Wayuu.<\/p>\n<\/li>\n<li data-start=\"2418\" data-end=\"2468\">\n<p data-start=\"2420\" data-end=\"2468\">No arrojar basura y cuidar el entorno natural.<\/p>\n<\/li>\n<li data-start=\"2469\" data-end=\"2559\">\n<p data-start=\"2471\" data-end=\"2559\">Estar preparado para condiciones clim\u00e1ticas variables, incluyendo calor intenso y polvo.<\/p>\n<\/li>\n<\/ul>\n<p data-start=\"2561\" data-end=\"2673\"><strong data-start=\"2561\" data-end=\"2590\">Aceptaci\u00f3n de condiciones<\/strong><br data-start=\"2590\" data-end=\"2593\" \/>El pago del paquete implica la aceptaci\u00f3n total de estos t\u00e9rminos y condiciones.<\/p>\t\t\t\t\t\t<\/div>\n\t\t\t\t<\/div>\n\t\t\t\t\t<\/div>\n\t\t\t\t<\/div>\n\t\t\t\t\t\t\t<\/div>\n\t\t","protected":false},"excerpt":{"rendered":"<p>Incluye:\ud83c\udf35 La Guajira: 5 d\u00edas y 4 noches de aventura y cultura en el desierto y mar \u2728 Explor\u00e1 un destino \u00fanico lleno de paisajes impresionantes Descubr\u00ed las dunas de Taroa, el Cabo de la Vela y la rica cultura wayuu en un viaje inolvidable al extremo norte de Colombia. \ud83c\udf1f Incluye: Tiquetes a\u00e9reos ida [&hellip;]<\/p>\n","protected":false},"author":1,"featured_media":0,"parent":0,"menu_order":0,"comment_status":"closed","ping_status":"closed","template":"","meta":{"om_disable_all_campaigns":false,"_monsterinsights_skip_tracking":false,"_monsterinsights_sitenote_active":false,"_monsterinsights_sitenote_note":"","_monsterinsights_sitenote_category":0,"site-sidebar-layout":"default","site-content-layout":"","ast-site-content-layout":"default","site-content-style":"default","site-sidebar-style":"default","ast-global-header-display":"","ast-banner-title-visibility":"","ast-main-header-display":"","ast-hfb-above-header-display":"","ast-hfb-below-header-display":"","ast-hfb-mobile-header-display":"","site-post-title":"","ast-breadcrumbs-content":"","ast-featured-img":"","footer-sml-layout":"","theme-transparent-header-meta":"","adv-header-id-meta":"","stick-header-meta":"","header-above-stick-meta":"","header-main-stick-meta":"","header-below-stick-meta":"","astra-migrate-meta-layouts":"set","ast-page-background-enabled":"default","ast-page-background-meta":{"desktop":{"background-color":"","background-image":"","background-repeat":"repeat","background-position":"center center","background-size":"auto","background-attachment":"scroll","background-type":"","background-media":"","overlay-type":"","overlay-color":"","overlay-opacity":"","overlay-gradient":""},"tablet":{"background-color":"","background-image":"","background-repeat":"repeat","background-position":"center center","background-size":"auto","background-attachment":"scroll","background-type":"","background-media":"","overlay-type":"","overlay-color":"","overlay-opacity":"","overlay-gradient":""},"mobile":{"background-color":"","background-image":"","background-repeat":"repeat","background-position":"center center","background-size":"auto","background-attachment":"scroll","background-type":"","background-media":"","overlay-type":"","overlay-color":"","overlay-opacity":"","overlay-gradient":""}},"ast-content-background-meta":{"desktop":{"background-color":"var(--ast-global-color-5)","background-image":"","background-repeat":"repeat","background-position":"center center","background-size":"auto","background-attachment":"scroll","background-type":"","background-media":"","overlay-type":"","overlay-color":"","overlay-opacity":"","overlay-gradient":""},"tablet":{"background-color":"var(--ast-global-color-5)","background-image":"","background-repeat":"repeat","background-position":"center center","background-size":"auto","background-attachment":"scroll","background-type":"","background-media":"","overlay-type":"","overlay-color":"","overlay-opacity":"","overlay-gradient":""},"mobile":{"background-color":"var(--ast-global-color-5)","background-image":"","background-repeat":"repeat","background-position":"center center","background-size":"auto","background-attachment":"scroll","background-type":"","background-media":"","overlay-type":"","overlay-color":"","overlay-opacity":"","overlay-gradient":""}},"_joinchat":[],"footnotes":""},"class_list":["post-2038","page","type-page","status-publish","hentry"],"aioseo_notices":[],"_links":{"self":[{"href":"https:\/\/lsatravels.com.co\/index.php\/wp-json\/wp\/v2\/pages\/2038","targetHints":{"allow":["GET"]}}],"collection":[{"href":"https:\/\/lsatravels.com.co\/index.php\/wp-json\/wp\/v2\/pages"}],"about":[{"href":"https:\/\/lsatravels.com.co\/index.php\/wp-json\/wp\/v2\/types\/page"}],"author":[{"embeddable":true,"href":"https:\/\/lsatravels.com.co\/index.php\/wp-json\/wp\/v2\/users\/1"}],"replies":[{"embeddable":true,"href":"https:\/\/lsatravels.com.co\/index.php\/wp-json\/wp\/v2\/comments?post=2038"}],"version-history":[{"count":10,"href":"https:\/\/lsatravels.com.co\/index.php\/wp-json\/wp\/v2\/pages\/2038\/revisions"}],"predecessor-version":[{"id":2121,"href":"https:\/\/lsatravels.com.co\/index.php\/wp-json\/wp\/v2\/pages\/2038\/revisions\/2121"}],"wp:attachment":[{"href":"https:\/\/lsatravels.com.co\/index.php\/wp-json\/wp\/v2\/media?parent=2038"}],"curies":[{"name":"wp","href":"https:\/\/api.w.org\/{rel}","templated":true}]}}