{"id":2047,"date":"2025-08-17T20:21:54","date_gmt":"2025-08-17T20:21:54","guid":{"rendered":"https:\/\/lsatravels.com.co\/?page_id=2047"},"modified":"2025-08-17T21:06:02","modified_gmt":"2025-08-17T21:06:02","slug":"amazonas","status":"publish","type":"page","link":"https:\/\/lsatravels.com.co\/index.php\/amazonas\/","title":{"rendered":"amazonas"},"content":{"rendered":"\t\t<div data-elementor-type=\"wp-page\" data-elementor-id=\"2047\" class=\"elementor elementor-2047\" data-elementor-post-type=\"page\">\n\t\t\t\t\t\t\t<div class=\"elementor-element elementor-element-2a3609b6 e-flex e-con-boxed e-con e-parent\" data-id=\"2a3609b6\" data-element_type=\"container\" data-settings=\"{&quot;content_width&quot;:&quot;boxed&quot;}\" data-core-v316-plus=\"true\">\n\t\t\t\t\t<div class=\"e-con-inner\">\n\t\t\t\t<div class=\"elementor-element elementor-element-5a4ad01f elementor-widget elementor-widget-text-editor\" data-id=\"5a4ad01f\" data-element_type=\"widget\" data-widget_type=\"text-editor.default\">\n\t\t\t\t<div class=\"elementor-widget-container\">\n\t\t\t<style>\/*! elementor - v3.18.0 - 20-12-2023 *\/\n.elementor-widget-text-editor.elementor-drop-cap-view-stacked .elementor-drop-cap{background-color:#69727d;color:#fff}.elementor-widget-text-editor.elementor-drop-cap-view-framed .elementor-drop-cap{color:#69727d;border:3px solid;background-color:transparent}.elementor-widget-text-editor:not(.elementor-drop-cap-view-default) .elementor-drop-cap{margin-top:8px}.elementor-widget-text-editor:not(.elementor-drop-cap-view-default) .elementor-drop-cap-letter{width:1em;height:1em}.elementor-widget-text-editor .elementor-drop-cap{float:left;text-align:center;line-height:1;font-size:50px}.elementor-widget-text-editor .elementor-drop-cap-letter{display:inline-block}<\/style>\t\t\t\t<!-- wp:fl-builder\/layout \/-->\t\t\t\t\t\t<\/div>\n\t\t\t\t<\/div>\n\t\t\t\t\t<\/div>\n\t\t\t\t<\/div>\n\t\t<div class=\"elementor-element elementor-element-65acd4e3 e-flex e-con-boxed e-con e-parent\" data-id=\"65acd4e3\" data-element_type=\"container\" data-settings=\"{&quot;content_width&quot;:&quot;boxed&quot;}\" data-core-v316-plus=\"true\">\n\t\t\t\t\t<div class=\"e-con-inner\">\n\t\t\t\t<div class=\"elementor-element elementor-element-6dab96b5 elementor-widget elementor-widget-text-editor\" data-id=\"6dab96b5\" data-element_type=\"widget\" data-widget_type=\"text-editor.default\">\n\t\t\t\t<div class=\"elementor-widget-container\">\n\t\t\t\t\t\t\t<!-- wp:fl-builder\/layout \/-->\t\t\t\t\t\t<\/div>\n\t\t\t\t<\/div>\n\t\t\t\t\t<\/div>\n\t\t\t\t<\/div>\n\t\t<div class=\"elementor-element elementor-element-2a22015c e-flex e-con-boxed e-con e-parent\" data-id=\"2a22015c\" data-element_type=\"container\" data-settings=\"{&quot;content_width&quot;:&quot;boxed&quot;}\" data-core-v316-plus=\"true\">\n\t\t\t\t\t<div class=\"e-con-inner\">\n\t\t\t\t<div class=\"elementor-element elementor-element-6b8640b6 elementor--h-position-center elementor--v-position-middle elementor-arrows-position-inside elementor-pagination-position-inside elementor-widget elementor-widget-slides\" data-id=\"6b8640b6\" data-element_type=\"widget\" data-settings=\"{&quot;navigation&quot;:&quot;both&quot;,&quot;autoplay&quot;:&quot;yes&quot;,&quot;pause_on_hover&quot;:&quot;yes&quot;,&quot;pause_on_interaction&quot;:&quot;yes&quot;,&quot;autoplay_speed&quot;:5000,&quot;infinite&quot;:&quot;yes&quot;,&quot;transition&quot;:&quot;slide&quot;,&quot;transition_speed&quot;:500}\" data-widget_type=\"slides.default\">\n\t\t\t\t<div class=\"elementor-widget-container\">\n\t\t\t<style>\/*! pro-elements - v3.18.0 - 06-12-2023 *\/\n.elementor-slides .swiper-slide-bg{background-size:cover;background-position:50%;background-repeat:no-repeat;min-width:100%;min-height:100%}.elementor-slides .swiper-slide-inner{background-repeat:no-repeat;background-position:50%;position:absolute;top:0;left:0;bottom:0;right:0;padding:50px;margin:auto}.elementor-slides .swiper-slide-inner,.elementor-slides .swiper-slide-inner:hover{color:#fff;display:flex}.elementor-slides .swiper-slide-inner .elementor-background-overlay{position:absolute;z-index:0;top:0;bottom:0;left:0;right:0}.elementor-slides .swiper-slide-inner .elementor-slide-content{position:relative;z-index:1;width:100%}.elementor-slides .swiper-slide-inner .elementor-slide-heading{font-size:35px;font-weight:700;line-height:1}.elementor-slides .swiper-slide-inner .elementor-slide-description{font-size:17px;line-height:1.4}.elementor-slides .swiper-slide-inner .elementor-slide-description:not(:last-child),.elementor-slides .swiper-slide-inner .elementor-slide-heading:not(:last-child){margin-bottom:30px}.elementor-slides .swiper-slide-inner .elementor-slide-button{border:2px solid #fff;color:#fff;background:transparent;display:inline-block}.elementor-slides .swiper-slide-inner .elementor-slide-button,.elementor-slides .swiper-slide-inner .elementor-slide-button:hover{background:transparent;color:inherit;text-decoration:none}.elementor--v-position-top .swiper-slide-inner{align-items:flex-start}.elementor--v-position-bottom .swiper-slide-inner{align-items:flex-end}.elementor--v-position-middle .swiper-slide-inner{align-items:center}.elementor--h-position-left .swiper-slide-inner{justify-content:flex-start}.elementor--h-position-right .swiper-slide-inner{justify-content:flex-end}.elementor--h-position-center .swiper-slide-inner{justify-content:center}body.rtl .elementor-widget-slides .elementor-swiper-button-next{left:10px;right:auto}body.rtl .elementor-widget-slides .elementor-swiper-button-prev{right:10px;left:auto}.elementor-slides-wrapper div:not(.swiper-slide)>.swiper-slide-inner{display:none}@media (max-width:767px){.elementor-slides .swiper-slide-inner{padding:30px}.elementor-slides .swiper-slide-inner .elementor-slide-heading{font-size:23px;line-height:1;margin-bottom:15px}.elementor-slides .swiper-slide-inner .elementor-slide-description{font-size:13px;line-height:1.4;margin-bottom:15px}}<\/style>\t\t<div class=\"elementor-swiper\">\n\t\t\t<div class=\"elementor-slides-wrapper elementor-main-swiper swiper\" dir=\"ltr\" data-animation=\"fadeInUp\">\n\t\t\t\t<div class=\"swiper-wrapper elementor-slides\">\n\t\t\t\t\t\t\t\t\t\t<div class=\"elementor-repeater-item-dc25c07 swiper-slide\"><div class=\"swiper-slide-bg\" role=\"img\"><\/div><div class=\"swiper-slide-inner\" ><div class=\"swiper-slide-contents\"><\/div><\/div><\/div>\t\t\t\t<\/div>\n\t\t\t\t\t\t\t<\/div>\n\t\t<\/div>\n\t\t\t\t<\/div>\n\t\t\t\t<\/div>\n\t\t\t\t<div class=\"elementor-element elementor-element-6057d1ea elementor-widget elementor-widget-text-editor\" data-id=\"6057d1ea\" data-element_type=\"widget\" data-widget_type=\"text-editor.default\">\n\t\t\t\t<div class=\"elementor-widget-container\">\n\t\t\t\t\t\t\t<!-- wp:fl-builder\/layout \/-->\t\t\t\t\t\t<\/div>\n\t\t\t\t<\/div>\n\t\t\t\t<div class=\"elementor-element elementor-element-7c05c20b elementor--h-position-center elementor--v-position-middle elementor-arrows-position-inside elementor-pagination-position-inside elementor-widget elementor-widget-slides\" data-id=\"7c05c20b\" data-element_type=\"widget\" data-settings=\"{&quot;navigation&quot;:&quot;both&quot;,&quot;autoplay&quot;:&quot;yes&quot;,&quot;pause_on_hover&quot;:&quot;yes&quot;,&quot;pause_on_interaction&quot;:&quot;yes&quot;,&quot;autoplay_speed&quot;:5000,&quot;infinite&quot;:&quot;yes&quot;,&quot;transition&quot;:&quot;slide&quot;,&quot;transition_speed&quot;:500}\" data-widget_type=\"slides.default\">\n\t\t\t\t<div class=\"elementor-widget-container\">\n\t\t\t\t\t<div class=\"elementor-swiper\">\n\t\t\t<div class=\"elementor-slides-wrapper elementor-main-swiper swiper\" dir=\"ltr\" data-animation=\"fadeInUp\">\n\t\t\t\t<div class=\"swiper-wrapper elementor-slides\">\n\t\t\t\t\t\t\t\t\t\t<div class=\"elementor-repeater-item-c6746eb swiper-slide\"><div class=\"swiper-slide-bg\" role=\"img\"><\/div><div class=\"swiper-slide-inner\" ><div class=\"swiper-slide-contents\"><div class=\"elementor-slide-heading\">Incluye:<\/div><div class=\"elementor-slide-description\">\ud83c\udf3f Amazonas: 5 d\u00edas y 4 noches de naturaleza y aventura en la selva\n\n\ud83c\udf33 Sum\u00e9rgete en la biodiversidad y cultura del coraz\u00f3n del Amazonas colombiano\nExplora r\u00edos, selvas y comunidades ind\u00edgenas en un viaje inolvidable lleno de naturaleza pura.\n\n\ud83c\udf1f Incluye:\n\nTiquetes a\u00e9reos ida y vuelta \u2708\ufe0f\n\nTraslados aeropuerto \u2013 hotel \u2013 aeropuerto \ud83d\ude90\n\nAlojamiento por 5 d\u00edas \/ 4 noches en hotel a elecci\u00f3n \ud83c\udfe8\n\nAlimentaci\u00f3n seg\u00fan el plan elegido \ud83c\udf7d\n\nTarjeta de asistencia al viajero \ud83e\ude7a\n\n\ud83d\udcf2 Reserv\u00e1 ya y vive la experiencia \u00fanica del Amazonas colombiano.<\/div><\/div><\/div><\/div><div class=\"elementor-repeater-item-954e9c5 swiper-slide\"><div class=\"swiper-slide-bg\" role=\"img\"><\/div><div class=\"swiper-slide-inner\" ><div class=\"swiper-slide-contents\"><div class=\"elementor-slide-heading\">No incluye:<\/div><div class=\"elementor-slide-description\">gastos no especificados en el plan. Aplican terminos y condiciones<\/div><\/div><\/div><\/div><div class=\"elementor-repeater-item-059b3cb swiper-slide\"><div class=\"swiper-slide-bg\" role=\"img\"><\/div><div class=\"swiper-slide-inner\" ><div class=\"swiper-slide-contents\"><div class=\"elementor-slide-heading\">Precios y fechas<\/div><\/div><\/div><\/div>\t\t\t\t<\/div>\n\t\t\t\t\t\t\t\t\t\t\t\t\t\t\t<div class=\"swiper-pagination\"><\/div>\n\t\t\t\t\t\t\t\t\t\t\t\t\t\t\t\t<div class=\"elementor-swiper-button elementor-swiper-button-prev\" role=\"button\" tabindex=\"0\">\n\t\t\t\t\t\t\t<svg aria-hidden=\"true\" class=\"e-font-icon-svg e-eicon-chevron-left\" viewBox=\"0 0 1000 1000\" xmlns=\"http:\/\/www.w3.org\/2000\/svg\"><path d=\"M646 125C629 125 613 133 604 142L308 442C296 454 292 471 292 487 292 504 296 521 308 533L604 854C617 867 629 875 646 875 663 875 679 871 692 858 704 846 713 829 713 812 713 796 708 779 692 767L438 487 692 225C700 217 708 204 708 187 708 171 704 154 692 142 675 129 663 125 646 125Z\"><\/path><\/svg>\t\t\t\t\t\t\t<span class=\"elementor-screen-only\">Previous slide<\/span>\n\t\t\t\t\t\t<\/div>\n\t\t\t\t\t\t<div class=\"elementor-swiper-button elementor-swiper-button-next\" role=\"button\" tabindex=\"0\">\n\t\t\t\t\t\t\t<svg aria-hidden=\"true\" class=\"e-font-icon-svg e-eicon-chevron-right\" viewBox=\"0 0 1000 1000\" xmlns=\"http:\/\/www.w3.org\/2000\/svg\"><path d=\"M696 533C708 521 713 504 713 487 713 471 708 454 696 446L400 146C388 133 375 125 354 125 338 125 325 129 313 142 300 154 292 171 292 187 292 204 296 221 308 233L563 492 304 771C292 783 288 800 288 817 288 833 296 850 308 863 321 871 338 875 354 875 371 875 388 867 400 854L696 533Z\"><\/path><\/svg>\t\t\t\t\t\t\t<span class=\"elementor-screen-only\">Next slide<\/span>\n\t\t\t\t\t\t<\/div>\n\t\t\t\t\t\t\t\t\t\t\t\t<\/div>\n\t\t<\/div>\n\t\t\t\t<\/div>\n\t\t\t\t<\/div>\n\t\t\t\t\t<\/div>\n\t\t\t\t<\/div>\n\t\t<div class=\"elementor-element elementor-element-821a973 e-flex e-con-boxed e-con e-parent\" data-id=\"821a973\" data-element_type=\"container\" data-settings=\"{&quot;content_width&quot;:&quot;boxed&quot;}\" data-core-v316-plus=\"true\">\n\t\t\t\t\t<div class=\"e-con-inner\">\n\t\t\t\t<div class=\"elementor-element elementor-element-14e3795e elementor-widget elementor-widget-text-editor\" data-id=\"14e3795e\" data-element_type=\"widget\" data-widget_type=\"text-editor.default\">\n\t\t\t\t<div class=\"elementor-widget-container\">\n\t\t\t\t\t\t\t<h3><strong>T\u00e9rminos y Condiciones\u00a0<\/strong><\/h3>\n<p data-start=\"323\" data-end=\"613\"><strong data-start=\"323\" data-end=\"352\">Documentaci\u00f3n obligatoria<\/strong><br data-start=\"352\" data-end=\"355\" \/>Todos los viajeros deben portar c\u00e9dula de ciudadan\u00eda (adultos) o tarjeta de identidad\/registro civil (menores).<br data-start=\"466\" data-end=\"469\" \/>Menores de edad que viajen sin uno o ambos padres deber\u00e1n presentar un permiso autenticado y copia de los documentos de identidad de los padres.<\/p>\n<p data-start=\"615\" data-end=\"859\"><strong data-start=\"615\" data-end=\"635\">Reservas y pagos<\/strong><br data-start=\"635\" data-end=\"638\" \/>La reserva se confirma \u00fanicamente con el pago del abono inicial acordado.<br data-start=\"711\" data-end=\"714\" \/>El valor total del plan debe ser cancelado antes de la fecha l\u00edmite. En caso contrario, la agencia podr\u00e1 liberar el cupo sin derecho a reembolso.<\/p>\n<p data-start=\"861\" data-end=\"1121\"><strong data-start=\"861\" data-end=\"886\">Tarifas y condiciones<\/strong><br data-start=\"886\" data-end=\"889\" \/>Las tarifas est\u00e1n sujetas a cambios sin previo aviso por variaciones en transporte, alojamiento, impuestos o decisiones de los proveedores.<br data-start=\"1028\" data-end=\"1031\" \/>El paquete incluye \u00fanicamente lo especificado en la cotizaci\u00f3n o en el programa del viaje.<\/p>\n<p data-start=\"1123\" data-end=\"1252\"><strong data-start=\"1123\" data-end=\"1154\">Cancelaciones y penalidades<\/strong><br data-start=\"1154\" data-end=\"1157\" \/>Cancelaciones voluntarias por parte del cliente aplican penalidades seg\u00fan el tiempo de aviso:<\/p>\n<ul data-start=\"1253\" data-end=\"1563\">\n<li data-start=\"1253\" data-end=\"1306\">\n<p data-start=\"1255\" data-end=\"1306\">M\u00e1s de 15 d\u00edas antes del viaje: 20% de penalidad.<\/p>\n<\/li>\n<li data-start=\"1307\" data-end=\"1353\">\n<p data-start=\"1309\" data-end=\"1353\">Entre 8 y 14 d\u00edas antes: 50% de penalidad.<\/p>\n<\/li>\n<li data-start=\"1354\" data-end=\"1563\">\n<p data-start=\"1356\" data-end=\"1563\">Menos de 8 d\u00edas: 100% de penalidad (no hay reembolso).<br data-start=\"1410\" data-end=\"1413\" \/>En casos de fuerza mayor (clima, cierres, emergencias), se podr\u00e1 reprogramar el viaje o entregar nota cr\u00e9dito, seg\u00fan las pol\u00edticas de los proveedores.<\/p>\n<\/li>\n<\/ul>\n<p data-start=\"1565\" data-end=\"1808\"><strong data-start=\"1565\" data-end=\"1598\">Modificaciones del itinerario<\/strong><br data-start=\"1598\" data-end=\"1601\" \/>El itinerario puede modificarse por condiciones clim\u00e1ticas, log\u00edsticas o de seguridad. Esto no genera compensaci\u00f3n.<br data-start=\"1716\" data-end=\"1719\" \/>La agencia puede ajustar el orden de actividades para garantizar el desarrollo del viaje.<\/p>\n<p data-start=\"1810\" data-end=\"1878\"><strong data-start=\"1810\" data-end=\"1842\">Responsabilidad del pasajero<\/strong><br data-start=\"1842\" data-end=\"1845\" \/>Es responsabilidad del viajero:<\/p>\n<ul data-start=\"1879\" data-end=\"2172\">\n<li data-start=\"1879\" data-end=\"1915\">\n<p data-start=\"1881\" data-end=\"1915\">Portar su documentaci\u00f3n vigente.<\/p>\n<\/li>\n<li data-start=\"1916\" data-end=\"1973\">\n<p data-start=\"1918\" data-end=\"1973\">Presentarse puntualmente en puntos de salida y tours.<\/p>\n<\/li>\n<li data-start=\"1974\" data-end=\"2047\">\n<p data-start=\"1976\" data-end=\"2047\">Respetar las normas de convivencia, del transporte y del alojamiento.<\/p>\n<\/li>\n<li data-start=\"2048\" data-end=\"2172\">\n<p data-start=\"2050\" data-end=\"2172\">Informar con anticipaci\u00f3n si requiere alimentaci\u00f3n especial, tiene restricciones m\u00e9dicas o condiciones f\u00edsicas relevantes.<\/p>\n<\/li>\n<\/ul>\n<p data-start=\"2174\" data-end=\"2449\"><strong data-start=\"2174\" data-end=\"2207\">Responsabilidad de la agencia<\/strong><br data-start=\"2207\" data-end=\"2210\" \/>La agencia act\u00faa como intermediaria entre el pasajero y los proveedores (transporte a\u00e9reo y fluvial, alojamiento, operadores tur\u00edsticos).<br data-start=\"2347\" data-end=\"2350\" \/>No se hace responsable por p\u00e9rdidas, accidentes, demoras o situaciones fuera de su control directo.<\/p>\n<p data-start=\"2451\" data-end=\"2500\"><strong data-start=\"2451\" data-end=\"2498\">Consideraciones especiales para el Amazonas<\/strong><\/p>\n<ul data-start=\"2501\" data-end=\"3005\">\n<li data-start=\"2501\" data-end=\"2608\">\n<p data-start=\"2503\" data-end=\"2608\">Se recomienda portar el carn\u00e9 de vacunaci\u00f3n contra la fiebre amarilla (m\u00ednimo 10 d\u00edas antes del viaje).<\/p>\n<\/li>\n<li data-start=\"2609\" data-end=\"2716\">\n<p data-start=\"2611\" data-end=\"2716\">Llevar ropa ligera de manga larga, repelente, impermeable, bloqueador solar, linterna y calzado c\u00f3modo.<\/p>\n<\/li>\n<li data-start=\"2717\" data-end=\"2831\">\n<p data-start=\"2719\" data-end=\"2831\">El viaje incluye tramos por v\u00eda fluvial, caminatas en selva y contacto con naturaleza y comunidades ind\u00edgenas.<\/p>\n<\/li>\n<li data-start=\"2832\" data-end=\"2903\">\n<p data-start=\"2834\" data-end=\"2903\">Se debe respetar la fauna, flora y normas ambientales de la regi\u00f3n.<\/p>\n<\/li>\n<li data-start=\"2904\" data-end=\"3005\">\n<p data-start=\"2906\" data-end=\"3005\">Las condiciones clim\u00e1ticas y de infraestructura pueden afectar los tiempos de traslado o servicios.<\/p>\n<\/li>\n<\/ul>\n<p data-start=\"3007\" data-end=\"3142\"><strong data-start=\"3007\" data-end=\"3036\">Aceptaci\u00f3n de condiciones<\/strong><br data-start=\"3036\" data-end=\"3039\" \/>El pago del paquete implica la aceptaci\u00f3n total de estos t\u00e9rminos y condiciones por parte del pasajero.<\/p>\t\t\t\t\t\t<\/div>\n\t\t\t\t<\/div>\n\t\t\t\t\t<\/div>\n\t\t\t\t<\/div>\n\t\t\t\t\t\t\t<\/div>\n\t\t","protected":false},"excerpt":{"rendered":"<p>Incluye:\ud83c\udf3f Amazonas: 5 d\u00edas y 4 noches de naturaleza y aventura en la selva \ud83c\udf33 Sum\u00e9rgete en la biodiversidad y cultura del coraz\u00f3n del Amazonas colombiano Explora r\u00edos, selvas y comunidades ind\u00edgenas en un viaje inolvidable lleno de naturaleza pura. \ud83c\udf1f Incluye: Tiquetes a\u00e9reos ida y vuelta \u2708\ufe0f Traslados aeropuerto \u2013 hotel \u2013 aeropuerto \ud83d\ude90 [&hellip;]<\/p>\n","protected":false},"author":1,"featured_media":0,"parent":0,"menu_order":0,"comment_status":"closed","ping_status":"closed","template":"","meta":{"om_disable_all_campaigns":false,"_monsterinsights_skip_tracking":false,"_monsterinsights_sitenote_active":false,"_monsterinsights_sitenote_note":"","_monsterinsights_sitenote_category":0,"site-sidebar-layout":"default","site-content-layout":"","ast-site-content-layout":"default","site-content-style":"default","site-sidebar-style":"default","ast-global-header-display":"","ast-banner-title-visibility":"","ast-main-header-display":"","ast-hfb-above-header-display":"","ast-hfb-below-header-display":"","ast-hfb-mobile-header-display":"","site-post-title":"","ast-breadcrumbs-content":"","ast-featured-img":"","footer-sml-layout":"","theme-transparent-header-meta":"","adv-header-id-meta":"","stick-header-meta":"","header-above-stick-meta":"","header-main-stick-meta":"","header-below-stick-meta":"","astra-migrate-meta-layouts":"set","ast-page-background-enabled":"default","ast-page-background-meta":{"desktop":{"background-color":"","background-image":"","background-repeat":"repeat","background-position":"center center","background-size":"auto","background-attachment":"scroll","background-type":"","background-media":"","overlay-type":"","overlay-color":"","overlay-opacity":"","overlay-gradient":""},"tablet":{"background-color":"","background-image":"","background-repeat":"repeat","background-position":"center center","background-size":"auto","background-attachment":"scroll","background-type":"","background-media":"","overlay-type":"","overlay-color":"","overlay-opacity":"","overlay-gradient":""},"mobile":{"background-color":"","background-image":"","background-repeat":"repeat","background-position":"center center","background-size":"auto","background-attachment":"scroll","background-type":"","background-media":"","overlay-type":"","overlay-color":"","overlay-opacity":"","overlay-gradient":""}},"ast-content-background-meta":{"desktop":{"background-color":"var(--ast-global-color-5)","background-image":"","background-repeat":"repeat","background-position":"center center","background-size":"auto","background-attachment":"scroll","background-type":"","background-media":"","overlay-type":"","overlay-color":"","overlay-opacity":"","overlay-gradient":""},"tablet":{"background-color":"var(--ast-global-color-5)","background-image":"","background-repeat":"repeat","background-position":"center center","background-size":"auto","background-attachment":"scroll","background-type":"","background-media":"","overlay-type":"","overlay-color":"","overlay-opacity":"","overlay-gradient":""},"mobile":{"background-color":"var(--ast-global-color-5)","background-image":"","background-repeat":"repeat","background-position":"center center","background-size":"auto","background-attachment":"scroll","background-type":"","background-media":"","overlay-type":"","overlay-color":"","overlay-opacity":"","overlay-gradient":""}},"_joinchat":[],"footnotes":""},"class_list":["post-2047","page","type-page","status-publish","hentry"],"aioseo_notices":[],"_links":{"self":[{"href":"https:\/\/lsatravels.com.co\/index.php\/wp-json\/wp\/v2\/pages\/2047","targetHints":{"allow":["GET"]}}],"collection":[{"href":"https:\/\/lsatravels.com.co\/index.php\/wp-json\/wp\/v2\/pages"}],"about":[{"href":"https:\/\/lsatravels.com.co\/index.php\/wp-json\/wp\/v2\/types\/page"}],"author":[{"embeddable":true,"href":"https:\/\/lsatravels.com.co\/index.php\/wp-json\/wp\/v2\/users\/1"}],"replies":[{"embeddable":true,"href":"https:\/\/lsatravels.com.co\/index.php\/wp-json\/wp\/v2\/comments?post=2047"}],"version-history":[{"count":10,"href":"https:\/\/lsatravels.com.co\/index.php\/wp-json\/wp\/v2\/pages\/2047\/revisions"}],"predecessor-version":[{"id":2127,"href":"https:\/\/lsatravels.com.co\/index.php\/wp-json\/wp\/v2\/pages\/2047\/revisions\/2127"}],"wp:attachment":[{"href":"https:\/\/lsatravels.com.co\/index.php\/wp-json\/wp\/v2\/media?parent=2047"}],"curies":[{"name":"wp","href":"https:\/\/api.w.org\/{rel}","templated":true}]}}